{"id":12515,"date":"2025-11-25T14:40:00","date_gmt":"2025-11-25T13:40:00","guid":{"rendered":"https:\/\/www.hirtenberg-apotheke.at\/katalog\/produkt\/apoforce-heissgetraenk-zitrone-zuckerfrei-10-stk\/"},"modified":"2025-11-25T14:40:16","modified_gmt":"2025-11-25T13:40:16","slug":"apoforce-heissgetraenk-zitrone-zuckerfrei-10-stk","status":"publish","type":"product","link":"https:\/\/www.hirtenberg-apotheke.at\/katalog\/produkt\/apoforce-heissgetraenk-zitrone-zuckerfrei-10-stk\/","title":{"rendered":"Apoforce Hei\u00dfgetr\u00e4nk Zitrone Zuckerfrei 10 Stk."},"content":{"rendered":"<p>Apoforce Hei\u00dfgetr\u00e4nk Zitrone Zuckerfrei ist Basis f\u00fcr ein Hei\u00dfgetr\u00e4nk mit dem fruchtigen Saftpulver der Zitrone. Mit Vitamin C und dem prebiotischen Ballaststoff Inulin.<\/p>\n","protected":false},"excerpt":{"rendered":"<p>Apoforce Hei\u00dfgetr\u00e4nk Zitrone Zuckerfrei ist Basis f\u00fcr ein Hei\u00dfgetr\u00e4nk mit dem fruchtigen Saftpulver der Zitrone. Mit Vitamin C und dem prebiotischen Ballaststoff Inulin.<\/p>\n","protected":false},"featured_media":0,"template":"","meta":{"_acf_changed":false},"product_brand":[],"product_cat":[299],"product_tag":[],"class_list":{"0":"post-12515","1":"product","2":"type-product","3":"status-publish","5":"product_cat-a","6":"pa_packungsgroesse-10-beutel","8":"first","9":"instock","10":"shipping-taxable","11":"purchasable","12":"product-type-simple"},"acf":[],"_links":{"self":[{"href":"https:\/\/www.hirtenberg-apotheke.at\/katalog\/wp-json\/wp\/v2\/product\/12515","targetHints":{"allow":["GET"]}}],"collection":[{"href":"https:\/\/www.hirtenberg-apotheke.at\/katalog\/wp-json\/wp\/v2\/product"}],"about":[{"href":"https:\/\/www.hirtenberg-apotheke.at\/katalog\/wp-json\/wp\/v2\/types\/product"}],"wp:attachment":[{"href":"https:\/\/www.hirtenberg-apotheke.at\/katalog\/wp-json\/wp\/v2\/media?parent=12515"}],"wp:term":[{"taxonomy":"product_brand","embeddable":true,"href":"https:\/\/www.hirtenberg-apotheke.at\/katalog\/wp-json\/wp\/v2\/product_brand?post=12515"},{"taxonomy":"product_cat","embeddable":true,"href":"https:\/\/www.hirtenberg-apotheke.at\/katalog\/wp-json\/wp\/v2\/product_cat?post=12515"},{"taxonomy":"product_tag","embeddable":true,"href":"https:\/\/www.hirtenberg-apotheke.at\/katalog\/wp-json\/wp\/v2\/product_tag?post=12515"}],"curies":[{"name":"wp","href":"https:\/\/api.w.org\/{rel}","templated":true}]}}