{"id":12519,"date":"2025-11-25T14:40:00","date_gmt":"2025-11-25T13:40:00","guid":{"rendered":"https:\/\/www.hirtenberg-apotheke.at\/katalog\/produkt\/xenofit-heisse-hexe-vitamine-calcium-mit-himbeergeschmack-10-stk\/"},"modified":"2025-11-25T14:40:19","modified_gmt":"2025-11-25T13:40:19","slug":"xenofit-heisse-hexe-vitamine-calcium-mit-himbeergeschmack-10-stk","status":"publish","type":"product","link":"https:\/\/www.hirtenberg-apotheke.at\/katalog\/produkt\/xenofit-heisse-hexe-vitamine-calcium-mit-himbeergeschmack-10-stk\/","title":{"rendered":"Xenofit Hei\u00dfe Hexe Vitamine + Calcium mit Himbeergeschmack 10 Stk."},"content":{"rendered":"<p>Xenofit Hei\u00dfe Hexe Vitamine + Calcium mit Himbeergeschmack bietet 5 Vitamine und Calcium f\u00fcr die ganze Familie.<\/p>\n","protected":false},"excerpt":{"rendered":"<p>Xenofit Hei\u00dfe Hexe Vitamine + Calcium mit Himbeergeschmack bietet 5 Vitamine und Calcium f\u00fcr die ganze Familie.<\/p>\n","protected":false},"featured_media":0,"template":"","meta":{"_acf_changed":false},"product_brand":[],"product_cat":[514],"product_tag":[],"class_list":{"0":"post-12519","1":"product","2":"type-product","3":"status-publish","5":"product_cat-x","6":"pa_geschmack-himbeer","7":"pa_packungsgroesse-10-beutel","9":"first","10":"instock","11":"shipping-taxable","12":"purchasable","13":"product-type-simple"},"acf":[],"_links":{"self":[{"href":"https:\/\/www.hirtenberg-apotheke.at\/katalog\/wp-json\/wp\/v2\/product\/12519","targetHints":{"allow":["GET"]}}],"collection":[{"href":"https:\/\/www.hirtenberg-apotheke.at\/katalog\/wp-json\/wp\/v2\/product"}],"about":[{"href":"https:\/\/www.hirtenberg-apotheke.at\/katalog\/wp-json\/wp\/v2\/types\/product"}],"wp:attachment":[{"href":"https:\/\/www.hirtenberg-apotheke.at\/katalog\/wp-json\/wp\/v2\/media?parent=12519"}],"wp:term":[{"taxonomy":"product_brand","embeddable":true,"href":"https:\/\/www.hirtenberg-apotheke.at\/katalog\/wp-json\/wp\/v2\/product_brand?post=12519"},{"taxonomy":"product_cat","embeddable":true,"href":"https:\/\/www.hirtenberg-apotheke.at\/katalog\/wp-json\/wp\/v2\/product_cat?post=12519"},{"taxonomy":"product_tag","embeddable":true,"href":"https:\/\/www.hirtenberg-apotheke.at\/katalog\/wp-json\/wp\/v2\/product_tag?post=12519"}],"curies":[{"name":"wp","href":"https:\/\/api.w.org\/{rel}","templated":true}]}}