{"id":125965,"date":"2025-12-04T09:53:29","date_gmt":"2025-12-04T08:53:29","guid":{"rendered":"https:\/\/www.hirtenberg-apotheke.at\/katalog\/produkt\/ledum-palustre-spagyra-10-ml-d-30-globuli\/"},"modified":"2025-12-04T09:54:14","modified_gmt":"2025-12-04T08:54:14","slug":"ledum-palustre-spagyra-10-ml-d-30-globuli","status":"publish","type":"product","link":"https:\/\/www.hirtenberg-apotheke.at\/katalog\/produkt\/ledum-palustre-spagyra-10-ml-d-30-globuli\/","title":{"rendered":"Ledum Palustre Spagyra 10 ml D 30 Globuli"},"content":{"rendered":"<p>Spagyra bietet hom\u00f6opathische Einzelmittel, um \u00c4hnliches mit \u00c4hnlichem zu heilen. Der K\u00f6rper wird dadurch zur Selbstheilung angeregt. Das Immunsystem wird gest\u00e4rkt. Ob Globuli, Dilutionen, Tabletten oder Triturationen.<\/p>\n","protected":false},"excerpt":{"rendered":"<p>Spagyra bietet hom\u00f6opathische Einzelmittel, um \u00c4hnliches mit \u00c4hnlichem zu heilen. Der K\u00f6rper wird dadurch zur Selbstheilung angeregt. Das Immunsystem wird gest\u00e4rkt. Ob Globuli, Dilutionen, Tabletten oder Triturationen.<\/p>\n","protected":false},"featured_media":125967,"template":"","meta":{"_acf_changed":false},"product_brand":[],"product_cat":[317],"product_tag":[],"class_list":{"0":"post-125965","1":"product","2":"type-product","3":"status-publish","4":"has-post-thumbnail","6":"product_cat-l","7":"pa_packungsgroesse-10g","9":"first","10":"instock","11":"shipping-taxable","12":"purchasable","13":"product-type-simple"},"acf":[],"_links":{"self":[{"href":"https:\/\/www.hirtenberg-apotheke.at\/katalog\/wp-json\/wp\/v2\/product\/125965","targetHints":{"allow":["GET"]}}],"collection":[{"href":"https:\/\/www.hirtenberg-apotheke.at\/katalog\/wp-json\/wp\/v2\/product"}],"about":[{"href":"https:\/\/www.hirtenberg-apotheke.at\/katalog\/wp-json\/wp\/v2\/types\/product"}],"wp:featuredmedia":[{"embeddable":true,"href":"https:\/\/www.hirtenberg-apotheke.at\/katalog\/wp-json\/wp\/v2\/media\/125967"}],"wp:attachment":[{"href":"https:\/\/www.hirtenberg-apotheke.at\/katalog\/wp-json\/wp\/v2\/media?parent=125965"}],"wp:term":[{"taxonomy":"product_brand","embeddable":true,"href":"https:\/\/www.hirtenberg-apotheke.at\/katalog\/wp-json\/wp\/v2\/product_brand?post=125965"},{"taxonomy":"product_cat","embeddable":true,"href":"https:\/\/www.hirtenberg-apotheke.at\/katalog\/wp-json\/wp\/v2\/product_cat?post=125965"},{"taxonomy":"product_tag","embeddable":true,"href":"https:\/\/www.hirtenberg-apotheke.at\/katalog\/wp-json\/wp\/v2\/product_tag?post=125965"}],"curies":[{"name":"wp","href":"https:\/\/api.w.org\/{rel}","templated":true}]}}