{"id":12642,"date":"2025-11-25T14:41:28","date_gmt":"2025-11-25T13:41:28","guid":{"rendered":"https:\/\/www.hirtenberg-apotheke.at\/katalog\/produkt\/tonsillol-gurgelloesung-200-ml\/"},"modified":"2025-11-25T14:41:33","modified_gmt":"2025-11-25T13:41:33","slug":"tonsillol-gurgelloesung-200-ml","status":"publish","type":"product","link":"https:\/\/www.hirtenberg-apotheke.at\/katalog\/produkt\/tonsillol-gurgelloesung-200-ml\/","title":{"rendered":"Tonsillol-Gurgell\u00f6sung 200 ml"},"content":{"rendered":"<p>Tonsillol-Gurgell\u00f6sung wird angewendet bei durch Dequaliniumchlorid-empfindliche Erreger verursachten infekti\u00f6sen Erkrankungen des Mund- und Rachenraumes wie Zahnfleischentz\u00fcndung, Entz\u00fcndungen der Mundschleimhaut, Mandelentz\u00fcndung, Kehlkopfentz\u00fcndung, Rachenentz\u00fcndung, bei eitriger Angina als Zusatzmedikament sowie bei Mundsoor (Pilzbefall).<\/p>\n","protected":false},"excerpt":{"rendered":"<p>Tonsillol-Gurgell\u00f6sung wird angewendet bei durch Dequaliniumchlorid-empfindliche Erreger verursachten infekti\u00f6sen Erkrankungen des Mund- und Rachenraumes wie Zahnfleischentz\u00fcndung, Entz\u00fcndungen der Mundschleimhaut, Mandelentz\u00fcndung, Kehlkopfentz\u00fcndung, Rachenentz\u00fcndung, bei eitriger Angina als Zusatzmedikament sowie bei Mundsoor (Pilzbefall).<\/p>\n","protected":false},"featured_media":12644,"template":"","meta":{"_acf_changed":false},"product_brand":[],"product_cat":[319],"product_tag":[],"class_list":{"0":"post-12642","1":"product","2":"type-product","3":"status-publish","4":"has-post-thumbnail","6":"product_cat-t","7":"pa_packungsgroesse-200ml","9":"first","10":"instock","11":"shipping-taxable","12":"purchasable","13":"product-type-simple"},"acf":[],"_links":{"self":[{"href":"https:\/\/www.hirtenberg-apotheke.at\/katalog\/wp-json\/wp\/v2\/product\/12642","targetHints":{"allow":["GET"]}}],"collection":[{"href":"https:\/\/www.hirtenberg-apotheke.at\/katalog\/wp-json\/wp\/v2\/product"}],"about":[{"href":"https:\/\/www.hirtenberg-apotheke.at\/katalog\/wp-json\/wp\/v2\/types\/product"}],"wp:featuredmedia":[{"embeddable":true,"href":"https:\/\/www.hirtenberg-apotheke.at\/katalog\/wp-json\/wp\/v2\/media\/12644"}],"wp:attachment":[{"href":"https:\/\/www.hirtenberg-apotheke.at\/katalog\/wp-json\/wp\/v2\/media?parent=12642"}],"wp:term":[{"taxonomy":"product_brand","embeddable":true,"href":"https:\/\/www.hirtenberg-apotheke.at\/katalog\/wp-json\/wp\/v2\/product_brand?post=12642"},{"taxonomy":"product_cat","embeddable":true,"href":"https:\/\/www.hirtenberg-apotheke.at\/katalog\/wp-json\/wp\/v2\/product_cat?post=12642"},{"taxonomy":"product_tag","embeddable":true,"href":"https:\/\/www.hirtenberg-apotheke.at\/katalog\/wp-json\/wp\/v2\/product_tag?post=12642"}],"curies":[{"name":"wp","href":"https:\/\/api.w.org\/{rel}","templated":true}]}}