{"id":12657,"date":"2025-11-25T14:41:36","date_gmt":"2025-11-25T13:41:36","guid":{"rendered":"https:\/\/www.hirtenberg-apotheke.at\/katalog\/produkt\/isla-med-hydro-kirsche-pastillen-20-stk\/"},"modified":"2025-11-25T14:41:47","modified_gmt":"2025-11-25T13:41:47","slug":"isla-med-hydro-kirsche-pastillen-20-stk","status":"publish","type":"product","link":"https:\/\/www.hirtenberg-apotheke.at\/katalog\/produkt\/isla-med-hydro-kirsche-pastillen-20-stk\/","title":{"rendered":"isla med hydro+ Kirsche Pastillen 20 Stk."},"content":{"rendered":"<p>isla\u00ae med hydro+ Kirsche Halspastillen wird zur Linderung bei typischen Erk\u00e4ltungs- bzw. Halsbeschwerden wie Hustenreiz und Heiserkeit sowie bei trockenen Schleimh\u00e4uten und Stimmbandreizungen angewendet. Die Halspastillen mit dem Hydrogel-Komplex mit Hyalurons\u00e4ure und pflanzlichem Isl\u00e4ndisch Moos sch\u00fctzen effektiv die Mund- und Rachenschleimhaut und schmecken dabei fruchtig nach Kirsche..<\/p>\n","protected":false},"excerpt":{"rendered":"<p>isla\u00ae med hydro+ Kirsche Halspastillen wird zur Linderung bei typischen Erk\u00e4ltungs- bzw. Halsbeschwerden wie Hustenreiz und Heiserkeit sowie bei trockenen Schleimh\u00e4uten und Stimmbandreizungen angewendet. Die Halspastillen mit dem Hydrogel-Komplex mit Hyalurons\u00e4ure und pflanzlichem Isl\u00e4ndisch Moos sch\u00fctzen effektiv die Mund- und Rachenschleimhaut und schmecken dabei fruchtig nach Kirsche..<\/p>\n","protected":false},"featured_media":12659,"template":"","meta":{"_acf_changed":false},"product_brand":[529],"product_cat":[370],"product_tag":[],"class_list":{"0":"post-12657","1":"product","2":"type-product","3":"status-publish","4":"has-post-thumbnail","6":"product_brand-isla","7":"product_cat-i","8":"pa_geschmack-kirsche","9":"pa_packungsgroesse-20-stueck","11":"first","12":"instock","13":"shipping-taxable","14":"purchasable","15":"product-type-simple"},"acf":[],"_links":{"self":[{"href":"https:\/\/www.hirtenberg-apotheke.at\/katalog\/wp-json\/wp\/v2\/product\/12657","targetHints":{"allow":["GET"]}}],"collection":[{"href":"https:\/\/www.hirtenberg-apotheke.at\/katalog\/wp-json\/wp\/v2\/product"}],"about":[{"href":"https:\/\/www.hirtenberg-apotheke.at\/katalog\/wp-json\/wp\/v2\/types\/product"}],"wp:featuredmedia":[{"embeddable":true,"href":"https:\/\/www.hirtenberg-apotheke.at\/katalog\/wp-json\/wp\/v2\/media\/12659"}],"wp:attachment":[{"href":"https:\/\/www.hirtenberg-apotheke.at\/katalog\/wp-json\/wp\/v2\/media?parent=12657"}],"wp:term":[{"taxonomy":"product_brand","embeddable":true,"href":"https:\/\/www.hirtenberg-apotheke.at\/katalog\/wp-json\/wp\/v2\/product_brand?post=12657"},{"taxonomy":"product_cat","embeddable":true,"href":"https:\/\/www.hirtenberg-apotheke.at\/katalog\/wp-json\/wp\/v2\/product_cat?post=12657"},{"taxonomy":"product_tag","embeddable":true,"href":"https:\/\/www.hirtenberg-apotheke.at\/katalog\/wp-json\/wp\/v2\/product_tag?post=12657"}],"curies":[{"name":"wp","href":"https:\/\/api.w.org\/{rel}","templated":true}]}}