{"id":12741,"date":"2025-11-25T15:33:50","date_gmt":"2025-11-25T14:33:50","guid":{"rendered":"https:\/\/www.hirtenberg-apotheke.at\/katalog\/produkt\/dexalgin-dequadex-halspastillen-20-stk\/"},"modified":"2025-11-25T15:33:54","modified_gmt":"2025-11-25T14:33:54","slug":"dexalgin-dequadex-halspastillen-20-stk","status":"publish","type":"product","link":"https:\/\/www.hirtenberg-apotheke.at\/katalog\/produkt\/dexalgin-dequadex-halspastillen-20-stk\/","title":{"rendered":"Dexalgin Dequadex Halspastillen 20 Stk."},"content":{"rendered":"<p>Die Kwizda-Gruppe ist im Bereich Life Sciences in Industrie und Handel in fhrender Position in \u00d6sterreich und seinen Nachbarl\u00e4ndern t\u00e4tig.Die Unternehmensbereiche umfassen Pharma, Pharmahandel, Agro sowie Dach- und Dichtungsbahnen. Diese Gesch\u00e4ftsfelder wurden konsequent auf zukunftsorientierte Technologien ausgerichtet.<\/p>\n","protected":false},"excerpt":{"rendered":"<p>Die Kwizda-Gruppe ist im Bereich Life Sciences in Industrie und Handel in fhrender Position in \u00d6sterreich und seinen Nachbarl\u00e4ndern t\u00e4tig.Die Unternehmensbereiche umfassen Pharma, Pharmahandel, Agro sowie Dach- und Dichtungsbahnen. Diese Gesch\u00e4ftsfelder wurden konsequent auf zukunftsorientierte Technologien ausgerichtet.<\/p>\n","protected":false},"featured_media":12743,"template":"","meta":{"_acf_changed":false},"product_brand":[],"product_cat":[295],"product_tag":[],"class_list":{"0":"post-12741","1":"product","2":"type-product","3":"status-publish","4":"has-post-thumbnail","6":"product_cat-d","7":"pa_packungsgroesse-20-stueck","9":"first","10":"instock","11":"shipping-taxable","12":"purchasable","13":"product-type-simple"},"acf":[],"_links":{"self":[{"href":"https:\/\/www.hirtenberg-apotheke.at\/katalog\/wp-json\/wp\/v2\/product\/12741","targetHints":{"allow":["GET"]}}],"collection":[{"href":"https:\/\/www.hirtenberg-apotheke.at\/katalog\/wp-json\/wp\/v2\/product"}],"about":[{"href":"https:\/\/www.hirtenberg-apotheke.at\/katalog\/wp-json\/wp\/v2\/types\/product"}],"wp:featuredmedia":[{"embeddable":true,"href":"https:\/\/www.hirtenberg-apotheke.at\/katalog\/wp-json\/wp\/v2\/media\/12743"}],"wp:attachment":[{"href":"https:\/\/www.hirtenberg-apotheke.at\/katalog\/wp-json\/wp\/v2\/media?parent=12741"}],"wp:term":[{"taxonomy":"product_brand","embeddable":true,"href":"https:\/\/www.hirtenberg-apotheke.at\/katalog\/wp-json\/wp\/v2\/product_brand?post=12741"},{"taxonomy":"product_cat","embeddable":true,"href":"https:\/\/www.hirtenberg-apotheke.at\/katalog\/wp-json\/wp\/v2\/product_cat?post=12741"},{"taxonomy":"product_tag","embeddable":true,"href":"https:\/\/www.hirtenberg-apotheke.at\/katalog\/wp-json\/wp\/v2\/product_tag?post=12741"}],"curies":[{"name":"wp","href":"https:\/\/api.w.org\/{rel}","templated":true}]}}