{"id":12744,"date":"2025-11-25T15:33:50","date_gmt":"2025-11-25T14:33:50","guid":{"rendered":"https:\/\/www.hirtenberg-apotheke.at\/katalog\/produkt\/emser-thymian-salbei-hals-und-rachenspray-20-ml\/"},"modified":"2025-11-25T15:33:56","modified_gmt":"2025-11-25T14:33:56","slug":"emser-thymian-salbei-hals-und-rachenspray-20-ml","status":"publish","type":"product","link":"https:\/\/www.hirtenberg-apotheke.at\/katalog\/produkt\/emser-thymian-salbei-hals-und-rachenspray-20-ml\/","title":{"rendered":"Emser Thymian Salbei Hals- und Rachenspray 20 ml"},"content":{"rendered":"<p>Der Emser Hals- und Rachenspray wird angewendet zur Befeuchtung und Reinigung der Hals- und Rachenschleimhaut, sowie zur Minderung des S\u00e4urestresses (durch Pufferung). Lindernd und beruhigend bei Erk\u00e4ltungssymptomen wie Halsschmerzen, Hustenreiz und belegter Stimme und refluxbedingten Stimmst\u00f6rungen..<\/p>\n","protected":false},"excerpt":{"rendered":"<p>Der Emser Hals- und Rachenspray wird angewendet zur Befeuchtung und Reinigung der Hals- und Rachenschleimhaut, sowie zur Minderung des S\u00e4urestresses (durch Pufferung). Lindernd und beruhigend bei Erk\u00e4ltungssymptomen wie Halsschmerzen, Hustenreiz und belegter Stimme und refluxbedingten Stimmst\u00f6rungen..<\/p>\n","protected":false},"featured_media":12746,"template":"","meta":{"_acf_changed":false},"product_brand":[527],"product_cat":[307],"product_tag":[],"class_list":{"0":"post-12744","1":"product","2":"type-product","3":"status-publish","4":"has-post-thumbnail","6":"product_brand-emser","7":"product_cat-e","8":"pa_packungsgroesse-20ml","10":"first","11":"instock","12":"shipping-taxable","13":"purchasable","14":"product-type-simple"},"acf":[],"_links":{"self":[{"href":"https:\/\/www.hirtenberg-apotheke.at\/katalog\/wp-json\/wp\/v2\/product\/12744","targetHints":{"allow":["GET"]}}],"collection":[{"href":"https:\/\/www.hirtenberg-apotheke.at\/katalog\/wp-json\/wp\/v2\/product"}],"about":[{"href":"https:\/\/www.hirtenberg-apotheke.at\/katalog\/wp-json\/wp\/v2\/types\/product"}],"wp:featuredmedia":[{"embeddable":true,"href":"https:\/\/www.hirtenberg-apotheke.at\/katalog\/wp-json\/wp\/v2\/media\/12746"}],"wp:attachment":[{"href":"https:\/\/www.hirtenberg-apotheke.at\/katalog\/wp-json\/wp\/v2\/media?parent=12744"}],"wp:term":[{"taxonomy":"product_brand","embeddable":true,"href":"https:\/\/www.hirtenberg-apotheke.at\/katalog\/wp-json\/wp\/v2\/product_brand?post=12744"},{"taxonomy":"product_cat","embeddable":true,"href":"https:\/\/www.hirtenberg-apotheke.at\/katalog\/wp-json\/wp\/v2\/product_cat?post=12744"},{"taxonomy":"product_tag","embeddable":true,"href":"https:\/\/www.hirtenberg-apotheke.at\/katalog\/wp-json\/wp\/v2\/product_tag?post=12744"}],"curies":[{"name":"wp","href":"https:\/\/api.w.org\/{rel}","templated":true}]}}