{"id":127699,"date":"2025-12-04T11:15:43","date_gmt":"2025-12-04T10:15:43","guid":{"rendered":"https:\/\/www.hirtenberg-apotheke.at\/katalog\/produkt\/kiweno-laktose-intoleranz-test-1-stk\/"},"modified":"2025-12-04T11:15:54","modified_gmt":"2025-12-04T10:15:54","slug":"kiweno-laktose-intoleranz-test-1-stk","status":"publish","type":"product","link":"https:\/\/www.hirtenberg-apotheke.at\/katalog\/produkt\/kiweno-laktose-intoleranz-test-1-stk\/","title":{"rendered":"Kiweno Laktose Intoleranz Test 1 Stk."},"content":{"rendered":"<p>Laktoseintoleranz Entnahme-Set&#13;<br \/>\n&#13;<br \/>\nEntnahme-Set f\u00fcr die Laienanwendung zur Gewinnung eines Wagenabstrichs zur Feststellung einer prim\u00e4ren Laktoseintoleranz durch Laborauswertung.&#13;<br \/>\n&#13;<br \/>\n&#13;<br \/>\nWAS?&#13;<br \/>\n&#13;<br \/>\nPersonen mit prim\u00e4rer Laktoseintoleranz sind von einem genetisch bedingten Mangel des Verdauungsenzyms Laktase, das f\u00fcr den Milchzuckerabbau verantwortlich ist, betroffen. Mittels Wangenabstrich, der von den Innenseiten beider Wangen entnommen wird, kann festgestellt werden, ob eine genetische Veranlagung zur Laktoseintoleranz vorliegt.&#13;<br \/>\n&#13;<br \/>\n&#13;<br \/>\nWIE?&#13;<br \/>\n&#13;<br \/>\nBestimmung des LCT Genotyps mittels real-time PCR&#13;<br \/>\nDie Analyse der T-13910C Mutation im LCT Gen ist ein etabliertes Verfahren, das in unserem medizinischen Partnerlabor von spezialisierten Fachkr\u00e4ften durchgef\u00fchrt wird. Basierend auf den Validierungsdaten f\u00fcr diesen Test wurde eine Genauigkeit von \u00fcber 98 % festgestellt.&#13;<br \/>\n&#13;<br \/>\n&#13;<br \/>\nWOF\u00dcR?&#13;<br \/>\n&#13;<br \/>\n\u25cf Abkl\u00e4rung einer vermuteten Laktoseintoleranz (schlechte Vertr\u00e4glichkeit von Milchprodukten)&#13;<br \/>\nAchtung: Es kann mittels dem DNA-Test nur eine prim\u00e4re (genetisch bedingte)&#13;<br \/>\nLaktoseintoleranz festgestellt oder ausgeschlossen werden.&#13;<br \/>\n\u25cf \u00dcberpr\u00fcfung einer genetischen Veranlagung bei famili\u00e4rer H\u00e4ufung von Laktoseintoleranz&#13;<br \/>\n\u25cf Verbesserung von lang anhaltenden Verdauungsst\u00f6rungen unbekannter Ursache&#13;<br \/>\n&#13;<br \/>\n&#13;<br \/>\nDAS TEST-SET BEINHALTET:&#13;<br \/>\n&#13;<br \/>\n\u25cf 1 Abstrichtupfer in einem Kunststoffr\u00f6hrchen&#13;<br \/>\n\u25cf 1 Luftpolsterbeutel als Sekund\u00e4rverpackung&#13;<br \/>\n\u25cf 1 Einwilligungserkl\u00e4rung&#13;<br \/>\n\u25cf 1 Code-Sticker (QR Code + 16-stelliger ID Code zur Probenzuordnung)&#13;<br \/>\n\u25cf 1 Identifikationskarte (16-stelliger ID Code f\u00fcr den\/die Kunden\/in)&#13;<br \/>\n\u25cf 1 R\u00fccksendeumschlag&#13;<br \/>\n\u25cf 1 Anleitung&#13;<br \/>\n&#13;<br \/>\n&#13;<br \/>\nDie Ergebnisse werden in einem individuellen Befundbericht sicher per E-Mail versandt.<\/p>\n","protected":false},"excerpt":{"rendered":"<p>Laktoseintoleranz Entnahme-Set&#13; &#13; Entnahme-Set f\u00fcr die Laienanwendung zur Gewinnung eines Wagenabstrichs zur Feststellung einer prim\u00e4ren Laktoseintoleranz durch Laborauswertung.&#13; &#13; &#13; WAS?&#13; &#13; Personen mit prim\u00e4rer Laktoseintoleranz sind von einem genetisch bedingten Mangel des Verdauungsenzyms Laktase, das f\u00fcr den Milchzuckerabbau verantwortlich ist, betroffen. Mittels Wangenabstrich, der von den Innenseiten beider Wangen entnommen wird, kann festgestellt werden, [&hellip;]<\/p>\n","protected":false},"featured_media":127701,"template":"","meta":{"_acf_changed":false},"product_brand":[],"product_cat":[387],"product_tag":[],"class_list":{"0":"post-127699","1":"product","2":"type-product","3":"status-publish","4":"has-post-thumbnail","6":"product_cat-k","7":"pa_packungsgroesse-1-stueck","9":"first","10":"instock","11":"shipping-taxable","12":"purchasable","13":"product-type-simple"},"acf":[],"_links":{"self":[{"href":"https:\/\/www.hirtenberg-apotheke.at\/katalog\/wp-json\/wp\/v2\/product\/127699","targetHints":{"allow":["GET"]}}],"collection":[{"href":"https:\/\/www.hirtenberg-apotheke.at\/katalog\/wp-json\/wp\/v2\/product"}],"about":[{"href":"https:\/\/www.hirtenberg-apotheke.at\/katalog\/wp-json\/wp\/v2\/types\/product"}],"wp:featuredmedia":[{"embeddable":true,"href":"https:\/\/www.hirtenberg-apotheke.at\/katalog\/wp-json\/wp\/v2\/media\/127701"}],"wp:attachment":[{"href":"https:\/\/www.hirtenberg-apotheke.at\/katalog\/wp-json\/wp\/v2\/media?parent=127699"}],"wp:term":[{"taxonomy":"product_brand","embeddable":true,"href":"https:\/\/www.hirtenberg-apotheke.at\/katalog\/wp-json\/wp\/v2\/product_brand?post=127699"},{"taxonomy":"product_cat","embeddable":true,"href":"https:\/\/www.hirtenberg-apotheke.at\/katalog\/wp-json\/wp\/v2\/product_cat?post=127699"},{"taxonomy":"product_tag","embeddable":true,"href":"https:\/\/www.hirtenberg-apotheke.at\/katalog\/wp-json\/wp\/v2\/product_tag?post=127699"}],"curies":[{"name":"wp","href":"https:\/\/api.w.org\/{rel}","templated":true}]}}