{"id":127743,"date":"2025-12-04T11:16:26","date_gmt":"2025-12-04T10:16:26","guid":{"rendered":"https:\/\/www.hirtenberg-apotheke.at\/katalog\/produkt\/kora-cremetiegel-verschluss-weiss-76-stk\/"},"modified":"2025-12-04T11:16:29","modified_gmt":"2025-12-04T10:16:29","slug":"kora-cremetiegel-verschluss-weiss-76-stk","status":"publish","type":"product","link":"https:\/\/www.hirtenberg-apotheke.at\/katalog\/produkt\/kora-cremetiegel-verschluss-weiss-76-stk\/","title":{"rendered":"Kora Cremetiegel Verschluss wei\u00df 76 Stk."},"content":{"rendered":"<p>Als Experte f\u00fcr nachhaltige Verpackung und Lohnabf\u00fcllung ist Kora Handelsgmbh der Partner f\u00fcr kleine und mittlere Unternehmen in \u00d6sterreich  jetzt mit hohem Rabatt bestellen!<\/p>\n","protected":false},"excerpt":{"rendered":"<p>Als Experte f\u00fcr nachhaltige Verpackung und Lohnabf\u00fcllung ist Kora Handelsgmbh der Partner f\u00fcr kleine und mittlere Unternehmen in \u00d6sterreich jetzt mit hohem Rabatt bestellen!<\/p>\n","protected":false},"featured_media":0,"template":"","meta":{"_acf_changed":false},"product_brand":[],"product_cat":[387],"product_tag":[],"class_list":{"0":"post-127743","1":"product","2":"type-product","3":"status-publish","5":"product_cat-k","6":"pa_packungsgroesse-76-stueck","8":"first","9":"instock","10":"shipping-taxable","11":"purchasable","12":"product-type-simple"},"acf":[],"_links":{"self":[{"href":"https:\/\/www.hirtenberg-apotheke.at\/katalog\/wp-json\/wp\/v2\/product\/127743","targetHints":{"allow":["GET"]}}],"collection":[{"href":"https:\/\/www.hirtenberg-apotheke.at\/katalog\/wp-json\/wp\/v2\/product"}],"about":[{"href":"https:\/\/www.hirtenberg-apotheke.at\/katalog\/wp-json\/wp\/v2\/types\/product"}],"wp:attachment":[{"href":"https:\/\/www.hirtenberg-apotheke.at\/katalog\/wp-json\/wp\/v2\/media?parent=127743"}],"wp:term":[{"taxonomy":"product_brand","embeddable":true,"href":"https:\/\/www.hirtenberg-apotheke.at\/katalog\/wp-json\/wp\/v2\/product_brand?post=127743"},{"taxonomy":"product_cat","embeddable":true,"href":"https:\/\/www.hirtenberg-apotheke.at\/katalog\/wp-json\/wp\/v2\/product_cat?post=127743"},{"taxonomy":"product_tag","embeddable":true,"href":"https:\/\/www.hirtenberg-apotheke.at\/katalog\/wp-json\/wp\/v2\/product_tag?post=127743"}],"curies":[{"name":"wp","href":"https:\/\/api.w.org\/{rel}","templated":true}]}}