{"id":127788,"date":"2025-12-04T11:17:18","date_gmt":"2025-12-04T10:17:18","guid":{"rendered":"https:\/\/www.hirtenberg-apotheke.at\/katalog\/produkt\/lit-control-ph-down-kapseln-60-stk\/"},"modified":"2025-12-04T11:17:27","modified_gmt":"2025-12-04T10:17:27","slug":"lit-control-ph-down-kapseln-60-stk","status":"publish","type":"product","link":"https:\/\/www.hirtenberg-apotheke.at\/katalog\/produkt\/lit-control-ph-down-kapseln-60-stk\/","title":{"rendered":"Lit-Control pH Down Kapseln 60 Stk."},"content":{"rendered":"<p>Bei infekti\u00f6sen Nierensteinen (z.B. Struvit-, Carbonat-Apatit-, Brushit-Steinen)<\/p>\n<p>&#13;<\/p>\n<ul>&#13;<\/p>\n<li>Senkt den pH-Wert des Harns und hilft so, zu alkalischen Harn zu normalisieren<\/li>\n<p>&#13;<\/p>\n<li>Verringert das Wachstum von Urease-positiven Bakterien<\/li>\n<p>&#13;<\/p>\n<li>Hemmt die Kristallbildung<\/li>\n<p>&#13;\n<\/ul>\n<p>&#13;<\/p>\n<p>Harnwegsinfekte k\u00f6nnen durch sogenannte Urease-positiven Bakterien (z.B. Proteus mirabilis, Klebsiella, Staphylococcus aureus, Pseudomonas aeruginosa) ausgel\u00f6st werden. Diese Bakterien erzeugen Ammoniak und erh\u00f6hen so den pH-Wert des Harns. In der Folge k\u00f6nnen sich dann infekti\u00f6se Nierensteine bilden.<br \/>Die patentierte Formulierung von Lit-Control pH Down enth\u00e4lt L-Methionin, eine Substanz, die den pH-Wert des Harns senkt und so auch das Wachstum der Bakterien verringert.<br \/>Phytat hemmt die Bildung und das Wachstum von Phosphat-und Carbonat-Kristallen.<br \/>Die Kombination aus Zink und Vitamin A verst\u00e4rkt die Wirkung von Phytat und sch\u00fctzt das Urothel.<\/p>\n","protected":false},"excerpt":{"rendered":"<p>Bei infekti\u00f6sen Nierensteinen (z.B. Struvit-, Carbonat-Apatit-, Brushit-Steinen) &#13; &#13; Senkt den pH-Wert des Harns und hilft so, zu alkalischen Harn zu normalisieren &#13; Verringert das Wachstum von Urease-positiven Bakterien &#13; Hemmt die Kristallbildung &#13; &#13; Harnwegsinfekte k\u00f6nnen durch sogenannte Urease-positiven Bakterien (z.B. Proteus mirabilis, Klebsiella, Staphylococcus aureus, Pseudomonas aeruginosa) ausgel\u00f6st werden. Diese Bakterien erzeugen Ammoniak [&hellip;]<\/p>\n","protected":false},"featured_media":127790,"template":"","meta":{"_acf_changed":false},"product_brand":[],"product_cat":[317],"product_tag":[],"class_list":{"0":"post-127788","1":"product","2":"type-product","3":"status-publish","4":"has-post-thumbnail","6":"product_cat-l","7":"pa_packungsgroesse-60-stueck","9":"first","10":"instock","11":"shipping-taxable","12":"purchasable","13":"product-type-simple"},"acf":[],"_links":{"self":[{"href":"https:\/\/www.hirtenberg-apotheke.at\/katalog\/wp-json\/wp\/v2\/product\/127788","targetHints":{"allow":["GET"]}}],"collection":[{"href":"https:\/\/www.hirtenberg-apotheke.at\/katalog\/wp-json\/wp\/v2\/product"}],"about":[{"href":"https:\/\/www.hirtenberg-apotheke.at\/katalog\/wp-json\/wp\/v2\/types\/product"}],"wp:featuredmedia":[{"embeddable":true,"href":"https:\/\/www.hirtenberg-apotheke.at\/katalog\/wp-json\/wp\/v2\/media\/127790"}],"wp:attachment":[{"href":"https:\/\/www.hirtenberg-apotheke.at\/katalog\/wp-json\/wp\/v2\/media?parent=127788"}],"wp:term":[{"taxonomy":"product_brand","embeddable":true,"href":"https:\/\/www.hirtenberg-apotheke.at\/katalog\/wp-json\/wp\/v2\/product_brand?post=127788"},{"taxonomy":"product_cat","embeddable":true,"href":"https:\/\/www.hirtenberg-apotheke.at\/katalog\/wp-json\/wp\/v2\/product_cat?post=127788"},{"taxonomy":"product_tag","embeddable":true,"href":"https:\/\/www.hirtenberg-apotheke.at\/katalog\/wp-json\/wp\/v2\/product_tag?post=127788"}],"curies":[{"name":"wp","href":"https:\/\/api.w.org\/{rel}","templated":true}]}}