{"id":127792,"date":"2025-12-04T11:17:18","date_gmt":"2025-12-04T10:17:18","guid":{"rendered":"https:\/\/www.hirtenberg-apotheke.at\/katalog\/produkt\/lit-control-ph-up-kapseln-60-stk\/"},"modified":"2025-12-04T11:17:53","modified_gmt":"2025-12-04T10:17:53","slug":"lit-control-ph-up-kapseln-60-stk","status":"publish","type":"product","link":"https:\/\/www.hirtenberg-apotheke.at\/katalog\/produkt\/lit-control-ph-up-kapseln-60-stk\/","title":{"rendered":"Lit-Control pH Up Kapseln 60 Stk."},"content":{"rendered":"<p>Bei Harns\u00e4uresteinen<\/p>\n<p>&#13;<\/p>\n<ul>&#13;<\/p>\n<li>Erh\u00f6ht den pH-Wert des Harns und hilft so, zu sauren Harn zu normalisieren<\/li>\n<p>&#13;<\/p>\n<li>Hemmt die Kristallbildung und das Wachstum<\/li>\n<p>&#13;<\/p>\n<li>Kann bereits bestehende Kristalle wieder aufl\u00f6sen<\/li>\n<p>&#13;\n<\/ul>\n<p>&#13;<\/p>\n<p>Zu viel Harns\u00e4ure im Urin f\u00fchrt zu einem niedrigen (zu sauren) pH-Wert und in der Folge zur Bildung von Harns\u00e4uresteinen.<br \/>Die patentierte Formulierung von Lit-Control pH Up enth\u00e4lt Citrate, die den pH-Wert des Harns erh\u00f6hen, das ebenfalls enthaltene Zink normalisert den S\u00e4ure-Basen-Haushalt des K\u00f6rpers.<br \/>Theobromin (aus Kakao gewonnen) hemmt die Kristallisation der Harns\u00e4ure und kann auch bereits bestehende Harns\u00e4uresteine wieder aufl\u00f6sen.<br \/>Die Kombination aus Zink und Vitamin A sch\u00fctzt die Zellw\u00e4nde das Urothel vor oxidativem Stress.<\/p>\n","protected":false},"excerpt":{"rendered":"<p>Bei Harns\u00e4uresteinen &#13; &#13; Erh\u00f6ht den pH-Wert des Harns und hilft so, zu sauren Harn zu normalisieren &#13; Hemmt die Kristallbildung und das Wachstum &#13; Kann bereits bestehende Kristalle wieder aufl\u00f6sen &#13; &#13; Zu viel Harns\u00e4ure im Urin f\u00fchrt zu einem niedrigen (zu sauren) pH-Wert und in der Folge zur Bildung von Harns\u00e4uresteinen.Die patentierte Formulierung [&hellip;]<\/p>\n","protected":false},"featured_media":127794,"template":"","meta":{"_acf_changed":false},"product_brand":[],"product_cat":[317],"product_tag":[],"class_list":{"0":"post-127792","1":"product","2":"type-product","3":"status-publish","4":"has-post-thumbnail","6":"product_cat-l","7":"pa_packungsgroesse-60-stueck","9":"first","10":"instock","11":"shipping-taxable","12":"purchasable","13":"product-type-simple"},"acf":[],"_links":{"self":[{"href":"https:\/\/www.hirtenberg-apotheke.at\/katalog\/wp-json\/wp\/v2\/product\/127792","targetHints":{"allow":["GET"]}}],"collection":[{"href":"https:\/\/www.hirtenberg-apotheke.at\/katalog\/wp-json\/wp\/v2\/product"}],"about":[{"href":"https:\/\/www.hirtenberg-apotheke.at\/katalog\/wp-json\/wp\/v2\/types\/product"}],"wp:featuredmedia":[{"embeddable":true,"href":"https:\/\/www.hirtenberg-apotheke.at\/katalog\/wp-json\/wp\/v2\/media\/127794"}],"wp:attachment":[{"href":"https:\/\/www.hirtenberg-apotheke.at\/katalog\/wp-json\/wp\/v2\/media?parent=127792"}],"wp:term":[{"taxonomy":"product_brand","embeddable":true,"href":"https:\/\/www.hirtenberg-apotheke.at\/katalog\/wp-json\/wp\/v2\/product_brand?post=127792"},{"taxonomy":"product_cat","embeddable":true,"href":"https:\/\/www.hirtenberg-apotheke.at\/katalog\/wp-json\/wp\/v2\/product_cat?post=127792"},{"taxonomy":"product_tag","embeddable":true,"href":"https:\/\/www.hirtenberg-apotheke.at\/katalog\/wp-json\/wp\/v2\/product_tag?post=127792"}],"curies":[{"name":"wp","href":"https:\/\/api.w.org\/{rel}","templated":true}]}}