{"id":127875,"date":"2025-12-04T11:19:20","date_gmt":"2025-12-04T10:19:20","guid":{"rendered":"https:\/\/www.hirtenberg-apotheke.at\/katalog\/produkt\/st-severin-alantwurzel-tropfen\/"},"modified":"2025-12-04T11:19:31","modified_gmt":"2025-12-04T10:19:31","slug":"st-severin-alantwurzel-tropfen","status":"publish","type":"product","link":"https:\/\/www.hirtenberg-apotheke.at\/katalog\/produkt\/st-severin-alantwurzel-tropfen\/","title":{"rendered":"St. Severin Alantwurzel Tropfen"},"content":{"rendered":"<p>Produktbeschreibung: Bei Bedarf 2 &#8211; 3 x 10 \u2013 20 Tropfen verd\u00fcnnt mit einem Glas Wasser einnehmen.Der Alant (Inula helenium) geh\u00f6rt zur Familie der Korbbl\u00fctler (Asteraceae). Er ist bereits seit der Antike als Gew\u00fcrz- und Heilpflanze bekannt. Zu den Inhaltsstoffen z\u00e4hlen Inulin, \u00e4therisches \u00d6l, Alants\u00e4ure, Kampfer, Helenin und Harze. Verwendung findet diese Pflanze haupts\u00e4chlich bei Husten und Asthma. Die \u00e4therischen \u00d6le des Alants haben schleiml\u00f6sende Effekte und k\u00f6nnen somit auch das Abhusten erleichtern. \u00c4u\u00dferlich angewendet in Form von Tee oder verd\u00fcnnter Tinktur f\u00fcr Wa schungen, B\u00e4der oder Umschl\u00e4ge kann Alant bei Hautentz\u00fcndungen, Geschw\u00fczren, Ekzemen oder schlecht heilenden Wunden helfen.<\/p>\n<p>Zusammensetzung: Alantwurzeltropfen enthalten einen hochwertigen w\u00e4ssrig\/alkoholischen Auszug aus Alantwurzel. Der Auszug wird nach Vorgaben des Arzneibuches hergestellt. Alkoholgehalt 66% Vol<\/p>\n","protected":false},"excerpt":{"rendered":"<p>Produktbeschreibung: Bei Bedarf 2 &#8211; 3 x 10 \u2013 20 Tropfen verd\u00fcnnt mit einem Glas Wasser einnehmen.Der Alant (Inula helenium) geh\u00f6rt zur Familie der Korbbl\u00fctler (Asteraceae). Er ist bereits seit der Antike als Gew\u00fcrz- und Heilpflanze bekannt. Zu den Inhaltsstoffen z\u00e4hlen Inulin, \u00e4therisches \u00d6l, Alants\u00e4ure, Kampfer, Helenin und Harze. Verwendung findet diese Pflanze haupts\u00e4chlich bei [&hellip;]<\/p>\n","protected":false},"featured_media":127877,"template":"","meta":{"_acf_changed":false},"product_brand":[411],"product_cat":[303],"product_tag":[],"class_list":{"0":"post-127875","1":"product","2":"type-product","3":"status-publish","4":"has-post-thumbnail","6":"product_brand-st-severin","7":"product_cat-s","8":"pa_packungsgroesse-50ml","10":"first","11":"instock","12":"shipping-taxable","13":"purchasable","14":"product-type-simple"},"acf":[],"_links":{"self":[{"href":"https:\/\/www.hirtenberg-apotheke.at\/katalog\/wp-json\/wp\/v2\/product\/127875","targetHints":{"allow":["GET"]}}],"collection":[{"href":"https:\/\/www.hirtenberg-apotheke.at\/katalog\/wp-json\/wp\/v2\/product"}],"about":[{"href":"https:\/\/www.hirtenberg-apotheke.at\/katalog\/wp-json\/wp\/v2\/types\/product"}],"wp:featuredmedia":[{"embeddable":true,"href":"https:\/\/www.hirtenberg-apotheke.at\/katalog\/wp-json\/wp\/v2\/media\/127877"}],"wp:attachment":[{"href":"https:\/\/www.hirtenberg-apotheke.at\/katalog\/wp-json\/wp\/v2\/media?parent=127875"}],"wp:term":[{"taxonomy":"product_brand","embeddable":true,"href":"https:\/\/www.hirtenberg-apotheke.at\/katalog\/wp-json\/wp\/v2\/product_brand?post=127875"},{"taxonomy":"product_cat","embeddable":true,"href":"https:\/\/www.hirtenberg-apotheke.at\/katalog\/wp-json\/wp\/v2\/product_cat?post=127875"},{"taxonomy":"product_tag","embeddable":true,"href":"https:\/\/www.hirtenberg-apotheke.at\/katalog\/wp-json\/wp\/v2\/product_tag?post=127875"}],"curies":[{"name":"wp","href":"https:\/\/api.w.org\/{rel}","templated":true}]}}