{"id":12797,"date":"2025-11-25T15:34:09","date_gmt":"2025-11-25T14:34:09","guid":{"rendered":"https:\/\/www.hirtenberg-apotheke.at\/katalog\/produkt\/propolaid-propolis-hals-spray-20-ml\/"},"modified":"2025-11-25T15:34:29","modified_gmt":"2025-11-25T14:34:29","slug":"propolaid-propolis-hals-spray-20-ml","status":"publish","type":"product","link":"https:\/\/www.hirtenberg-apotheke.at\/katalog\/produkt\/propolaid-propolis-hals-spray-20-ml\/","title":{"rendered":"Propolaid Propolis Hals Spray 20 ml"},"content":{"rendered":"<p>Propolaid Propolis Halsspray unterst\u00fctzt die normale Funktion der oberen Atemwege. Seine alkoholfreie Wirkungsformel mit Propolisextrakt und \u00e4therischem Minz\u00f6l wirkt wohltuend auf die Schleimh\u00e4ute. Damit Sie wieder frei durchatmen k\u00f6nnen.<\/p>\n","protected":false},"excerpt":{"rendered":"<p>Propolaid Propolis Halsspray unterst\u00fctzt die normale Funktion der oberen Atemwege. Seine alkoholfreie Wirkungsformel mit Propolisextrakt und \u00e4therischem Minz\u00f6l wirkt wohltuend auf die Schleimh\u00e4ute. Damit Sie wieder frei durchatmen k\u00f6nnen.<\/p>\n","protected":false},"featured_media":12799,"template":"","meta":{"_acf_changed":false},"product_brand":[],"product_cat":[302],"product_tag":[],"class_list":{"0":"post-12797","1":"product","2":"type-product","3":"status-publish","4":"has-post-thumbnail","6":"product_cat-p","7":"pa_packungsgroesse-20ml","9":"first","10":"instock","11":"shipping-taxable","12":"purchasable","13":"product-type-simple"},"acf":[],"_links":{"self":[{"href":"https:\/\/www.hirtenberg-apotheke.at\/katalog\/wp-json\/wp\/v2\/product\/12797","targetHints":{"allow":["GET"]}}],"collection":[{"href":"https:\/\/www.hirtenberg-apotheke.at\/katalog\/wp-json\/wp\/v2\/product"}],"about":[{"href":"https:\/\/www.hirtenberg-apotheke.at\/katalog\/wp-json\/wp\/v2\/types\/product"}],"wp:featuredmedia":[{"embeddable":true,"href":"https:\/\/www.hirtenberg-apotheke.at\/katalog\/wp-json\/wp\/v2\/media\/12799"}],"wp:attachment":[{"href":"https:\/\/www.hirtenberg-apotheke.at\/katalog\/wp-json\/wp\/v2\/media?parent=12797"}],"wp:term":[{"taxonomy":"product_brand","embeddable":true,"href":"https:\/\/www.hirtenberg-apotheke.at\/katalog\/wp-json\/wp\/v2\/product_brand?post=12797"},{"taxonomy":"product_cat","embeddable":true,"href":"https:\/\/www.hirtenberg-apotheke.at\/katalog\/wp-json\/wp\/v2\/product_cat?post=12797"},{"taxonomy":"product_tag","embeddable":true,"href":"https:\/\/www.hirtenberg-apotheke.at\/katalog\/wp-json\/wp\/v2\/product_tag?post=12797"}],"curies":[{"name":"wp","href":"https:\/\/api.w.org\/{rel}","templated":true}]}}