{"id":128198,"date":"2025-12-04T11:25:36","date_gmt":"2025-12-04T10:25:36","guid":{"rendered":"https:\/\/www.hirtenberg-apotheke.at\/katalog\/produkt\/st-severin-capsella-tropfen\/"},"modified":"2025-12-04T11:25:49","modified_gmt":"2025-12-04T10:25:49","slug":"st-severin-capsella-tropfen","status":"publish","type":"product","link":"https:\/\/www.hirtenberg-apotheke.at\/katalog\/produkt\/st-severin-capsella-tropfen\/","title":{"rendered":"St. Severin Capsella Tropfen"},"content":{"rendered":"<p>Das Gew\u00f6hnliche Hirtent\u00e4schel (Capsella bursa-pastoris (L.) Med.) wurde bereits von Hildegard von Bingen sehr gesch\u00e4tzt. Traditionell findet die Pflanze in erster Linie Anwendung als Gurgell\u00f6sung oder Mundsp\u00fclung. Man sagt ihm einen beruhigenden, regulierenden Einfluss auf Blut nach. Egal, ob es dabei um die Monatsblutung der Frau oder das Bluten einer Wunde geht. Die enthaltenen Gerbstoffe wiederum sind wohltuend f\u00fcr den Magen und unterst\u00fctzen die Nieren in ihrer blutreinigenden und entgiftenden Arbeit. <\/p>\n","protected":false},"excerpt":{"rendered":"<p>Das Gew\u00f6hnliche Hirtent\u00e4schel (Capsella bursa-pastoris (L.) Med.) wurde bereits von Hildegard von Bingen sehr gesch\u00e4tzt. Traditionell findet die Pflanze in erster Linie Anwendung als Gurgell\u00f6sung oder Mundsp\u00fclung. Man sagt ihm einen beruhigenden, regulierenden Einfluss auf Blut nach. Egal, ob es dabei um die Monatsblutung der Frau oder das Bluten einer Wunde geht. Die enthaltenen Gerbstoffe [&hellip;]<\/p>\n","protected":false},"featured_media":128200,"template":"","meta":{"_acf_changed":false},"product_brand":[411],"product_cat":[303],"product_tag":[],"class_list":{"0":"post-128198","1":"product","2":"type-product","3":"status-publish","4":"has-post-thumbnail","6":"product_brand-st-severin","7":"product_cat-s","8":"pa_packungsgroesse-50ml","10":"first","11":"instock","12":"shipping-taxable","13":"purchasable","14":"product-type-simple"},"acf":[],"_links":{"self":[{"href":"https:\/\/www.hirtenberg-apotheke.at\/katalog\/wp-json\/wp\/v2\/product\/128198","targetHints":{"allow":["GET"]}}],"collection":[{"href":"https:\/\/www.hirtenberg-apotheke.at\/katalog\/wp-json\/wp\/v2\/product"}],"about":[{"href":"https:\/\/www.hirtenberg-apotheke.at\/katalog\/wp-json\/wp\/v2\/types\/product"}],"wp:featuredmedia":[{"embeddable":true,"href":"https:\/\/www.hirtenberg-apotheke.at\/katalog\/wp-json\/wp\/v2\/media\/128200"}],"wp:attachment":[{"href":"https:\/\/www.hirtenberg-apotheke.at\/katalog\/wp-json\/wp\/v2\/media?parent=128198"}],"wp:term":[{"taxonomy":"product_brand","embeddable":true,"href":"https:\/\/www.hirtenberg-apotheke.at\/katalog\/wp-json\/wp\/v2\/product_brand?post=128198"},{"taxonomy":"product_cat","embeddable":true,"href":"https:\/\/www.hirtenberg-apotheke.at\/katalog\/wp-json\/wp\/v2\/product_cat?post=128198"},{"taxonomy":"product_tag","embeddable":true,"href":"https:\/\/www.hirtenberg-apotheke.at\/katalog\/wp-json\/wp\/v2\/product_tag?post=128198"}],"curies":[{"name":"wp","href":"https:\/\/api.w.org\/{rel}","templated":true}]}}