{"id":128260,"date":"2025-12-04T11:26:36","date_gmt":"2025-12-04T10:26:36","guid":{"rendered":"https:\/\/www.hirtenberg-apotheke.at\/katalog\/produkt\/life-light-chlorophyll-plus-kapseln-60-stk\/"},"modified":"2025-12-04T11:27:02","modified_gmt":"2025-12-04T10:27:02","slug":"life-light-chlorophyll-plus-kapseln-60-stk","status":"publish","type":"product","link":"https:\/\/www.hirtenberg-apotheke.at\/katalog\/produkt\/life-light-chlorophyll-plus-kapseln-60-stk\/","title":{"rendered":"Life Light Chlorophyll Plus Kapseln 60 Stk."},"content":{"rendered":"<p>Life Light Chlorophyll Plus Kapseln enthalten Alfalfa-Klee mit nat\u00fcrlichem Chlorophyll in synergistischer Kombination mit wasserl\u00f6slichem Magnesium-Chlorophyllin. Chlorophyll sorgt f\u00fcr einen milden und anhaltenden Ausgleich des k\u00f6rperlichen S\u00e4ure-Basen-Haushaltes bei \u00dcbers\u00e4uerung.<\/p>\n","protected":false},"excerpt":{"rendered":"<p>Life Light Chlorophyll Plus Kapseln enthalten Alfalfa-Klee mit nat\u00fcrlichem Chlorophyll in synergistischer Kombination mit wasserl\u00f6slichem Magnesium-Chlorophyllin. Chlorophyll sorgt f\u00fcr einen milden und anhaltenden Ausgleich des k\u00f6rperlichen S\u00e4ure-Basen-Haushaltes bei \u00dcbers\u00e4uerung.<\/p>\n","protected":false},"featured_media":128262,"template":"","meta":{"_acf_changed":false},"product_brand":[],"product_cat":[317],"product_tag":[],"class_list":{"0":"post-128260","1":"product","2":"type-product","3":"status-publish","4":"has-post-thumbnail","6":"product_cat-l","7":"pa_packungsgroesse-60-stueck","9":"first","10":"instock","11":"shipping-taxable","12":"purchasable","13":"product-type-simple"},"acf":[],"_links":{"self":[{"href":"https:\/\/www.hirtenberg-apotheke.at\/katalog\/wp-json\/wp\/v2\/product\/128260","targetHints":{"allow":["GET"]}}],"collection":[{"href":"https:\/\/www.hirtenberg-apotheke.at\/katalog\/wp-json\/wp\/v2\/product"}],"about":[{"href":"https:\/\/www.hirtenberg-apotheke.at\/katalog\/wp-json\/wp\/v2\/types\/product"}],"wp:featuredmedia":[{"embeddable":true,"href":"https:\/\/www.hirtenberg-apotheke.at\/katalog\/wp-json\/wp\/v2\/media\/128262"}],"wp:attachment":[{"href":"https:\/\/www.hirtenberg-apotheke.at\/katalog\/wp-json\/wp\/v2\/media?parent=128260"}],"wp:term":[{"taxonomy":"product_brand","embeddable":true,"href":"https:\/\/www.hirtenberg-apotheke.at\/katalog\/wp-json\/wp\/v2\/product_brand?post=128260"},{"taxonomy":"product_cat","embeddable":true,"href":"https:\/\/www.hirtenberg-apotheke.at\/katalog\/wp-json\/wp\/v2\/product_cat?post=128260"},{"taxonomy":"product_tag","embeddable":true,"href":"https:\/\/www.hirtenberg-apotheke.at\/katalog\/wp-json\/wp\/v2\/product_tag?post=128260"}],"curies":[{"name":"wp","href":"https:\/\/api.w.org\/{rel}","templated":true}]}}