{"id":128317,"date":"2025-12-04T16:51:52","date_gmt":"2025-12-04T15:51:52","guid":{"rendered":"https:\/\/www.hirtenberg-apotheke.at\/katalog\/produkt\/st-severin-crataegus-tropfen\/"},"modified":"2025-12-04T16:52:22","modified_gmt":"2025-12-04T15:52:22","slug":"st-severin-crataegus-tropfen","status":"publish","type":"product","link":"https:\/\/www.hirtenberg-apotheke.at\/katalog\/produkt\/st-severin-crataegus-tropfen\/","title":{"rendered":"St. Severin Crataegus Tropfen"},"content":{"rendered":"<p>Der Wei\u00dfdorn (Crataegus) geh\u00f6rt zu den Rosengew\u00e4chsen (Rosaceae). Als Inhaltsstoffe finden sich oligomere Procyanidine und Flavonoide, die vor allem in den Bl\u00fcten vorkommen. Hauptkomponenten sind Hyperosid und Rutosid, daneben kommen Glykosylflavone vor. Wei\u00dfdorn hat vielf\u00e4ltige Effekte auf das Herz und die Gef\u00e4\u00dfe. Weiteres wird der Pflanze eine durchblutungsf\u00f6rdernde und gef\u00e4\u00dferweiternde Eigenschaft nachgesagt. Crataeguszubereitungen eignen sich daher bei Bluthochdruck, M\u00fcdigkeit und Kreislaufschw\u00e4che aufgrund sommerlicher Hitze und zur St\u00e4rkung des Herzens. <\/p>\n","protected":false},"excerpt":{"rendered":"<p>Der Wei\u00dfdorn (Crataegus) geh\u00f6rt zu den Rosengew\u00e4chsen (Rosaceae). Als Inhaltsstoffe finden sich oligomere Procyanidine und Flavonoide, die vor allem in den Bl\u00fcten vorkommen. Hauptkomponenten sind Hyperosid und Rutosid, daneben kommen Glykosylflavone vor. Wei\u00dfdorn hat vielf\u00e4ltige Effekte auf das Herz und die Gef\u00e4\u00dfe. Weiteres wird der Pflanze eine durchblutungsf\u00f6rdernde und gef\u00e4\u00dferweiternde Eigenschaft nachgesagt. Crataeguszubereitungen eignen sich [&hellip;]<\/p>\n","protected":false},"featured_media":128319,"template":"","meta":{"_acf_changed":false},"product_brand":[411],"product_cat":[303],"product_tag":[],"class_list":{"0":"post-128317","1":"product","2":"type-product","3":"status-publish","4":"has-post-thumbnail","6":"product_brand-st-severin","7":"product_cat-s","8":"pa_packungsgroesse-50ml","10":"first","11":"instock","12":"shipping-taxable","13":"purchasable","14":"product-type-simple"},"acf":[],"_links":{"self":[{"href":"https:\/\/www.hirtenberg-apotheke.at\/katalog\/wp-json\/wp\/v2\/product\/128317","targetHints":{"allow":["GET"]}}],"collection":[{"href":"https:\/\/www.hirtenberg-apotheke.at\/katalog\/wp-json\/wp\/v2\/product"}],"about":[{"href":"https:\/\/www.hirtenberg-apotheke.at\/katalog\/wp-json\/wp\/v2\/types\/product"}],"wp:featuredmedia":[{"embeddable":true,"href":"https:\/\/www.hirtenberg-apotheke.at\/katalog\/wp-json\/wp\/v2\/media\/128319"}],"wp:attachment":[{"href":"https:\/\/www.hirtenberg-apotheke.at\/katalog\/wp-json\/wp\/v2\/media?parent=128317"}],"wp:term":[{"taxonomy":"product_brand","embeddable":true,"href":"https:\/\/www.hirtenberg-apotheke.at\/katalog\/wp-json\/wp\/v2\/product_brand?post=128317"},{"taxonomy":"product_cat","embeddable":true,"href":"https:\/\/www.hirtenberg-apotheke.at\/katalog\/wp-json\/wp\/v2\/product_cat?post=128317"},{"taxonomy":"product_tag","embeddable":true,"href":"https:\/\/www.hirtenberg-apotheke.at\/katalog\/wp-json\/wp\/v2\/product_tag?post=128317"}],"curies":[{"name":"wp","href":"https:\/\/api.w.org\/{rel}","templated":true}]}}