{"id":128558,"date":"2025-12-04T16:57:00","date_gmt":"2025-12-04T15:57:00","guid":{"rendered":"https:\/\/www.hirtenberg-apotheke.at\/katalog\/produkt\/st-severin-eibischblaetter-spray\/"},"modified":"2025-12-04T16:57:13","modified_gmt":"2025-12-04T15:57:13","slug":"st-severin-eibischblaetter-spray","status":"publish","type":"product","link":"https:\/\/www.hirtenberg-apotheke.at\/katalog\/produkt\/st-severin-eibischblaetter-spray\/","title":{"rendered":"St. Severin Eibischbl\u00e4tter Spray"},"content":{"rendered":"<p>Produktbeschreibung: Bei Bedarf 2 \u2013 3 x 1 \u2013 2 Spr\u00fchst\u00f6\u00dfe direkt in den Mund spr\u00fchen.Der echte Eibisch (Althaea officinalis L.) geh\u00f6rt zu den Malvengew\u00e4chsen (Malva ceae). Bereits seit der Antike kennt man die gesundheitsf\u00f6rdernde Wirkung des Eibisch. Die Eibischbl\u00e4tter und -wurzeln enthalten Schleimstoffe. Auf Grund der enthaltenen Schleimstoffe wird der Eibisch bei Hustenreiz eingesetzt. Auch bei Entz\u00fcndungen des Mund- und Rachenraums sowie im Magen-Darm-Bereich findet der Eibisch Verwendung.<\/p>\n<p>Zusammensetzung: Eibischbl\u00e4tterspray enth\u00e4lt einen hochwertigen w\u00e4ssrig\/alkoholischen Auszug aus Eibischbl\u00e4ttern, hergestellt laut Arzneibuch. Alkoholgehalt: 66 % Vol.<\/p>\n","protected":false},"excerpt":{"rendered":"<p>Produktbeschreibung: Bei Bedarf 2 \u2013 3 x 1 \u2013 2 Spr\u00fchst\u00f6\u00dfe direkt in den Mund spr\u00fchen.Der echte Eibisch (Althaea officinalis L.) geh\u00f6rt zu den Malvengew\u00e4chsen (Malva ceae). Bereits seit der Antike kennt man die gesundheitsf\u00f6rdernde Wirkung des Eibisch. Die Eibischbl\u00e4tter und -wurzeln enthalten Schleimstoffe. Auf Grund der enthaltenen Schleimstoffe wird der Eibisch bei Hustenreiz eingesetzt. [&hellip;]<\/p>\n","protected":false},"featured_media":128560,"template":"","meta":{"_acf_changed":false},"product_brand":[411],"product_cat":[303],"product_tag":[],"class_list":{"0":"post-128558","1":"product","2":"type-product","3":"status-publish","4":"has-post-thumbnail","6":"product_brand-st-severin","7":"product_cat-s","8":"pa_packungsgroesse-50ml","10":"first","11":"instock","12":"shipping-taxable","13":"purchasable","14":"product-type-simple"},"acf":[],"_links":{"self":[{"href":"https:\/\/www.hirtenberg-apotheke.at\/katalog\/wp-json\/wp\/v2\/product\/128558","targetHints":{"allow":["GET"]}}],"collection":[{"href":"https:\/\/www.hirtenberg-apotheke.at\/katalog\/wp-json\/wp\/v2\/product"}],"about":[{"href":"https:\/\/www.hirtenberg-apotheke.at\/katalog\/wp-json\/wp\/v2\/types\/product"}],"wp:featuredmedia":[{"embeddable":true,"href":"https:\/\/www.hirtenberg-apotheke.at\/katalog\/wp-json\/wp\/v2\/media\/128560"}],"wp:attachment":[{"href":"https:\/\/www.hirtenberg-apotheke.at\/katalog\/wp-json\/wp\/v2\/media?parent=128558"}],"wp:term":[{"taxonomy":"product_brand","embeddable":true,"href":"https:\/\/www.hirtenberg-apotheke.at\/katalog\/wp-json\/wp\/v2\/product_brand?post=128558"},{"taxonomy":"product_cat","embeddable":true,"href":"https:\/\/www.hirtenberg-apotheke.at\/katalog\/wp-json\/wp\/v2\/product_cat?post=128558"},{"taxonomy":"product_tag","embeddable":true,"href":"https:\/\/www.hirtenberg-apotheke.at\/katalog\/wp-json\/wp\/v2\/product_tag?post=128558"}],"curies":[{"name":"wp","href":"https:\/\/api.w.org\/{rel}","templated":true}]}}