{"id":128902,"date":"2025-12-04T17:03:44","date_gmt":"2025-12-04T16:03:44","guid":{"rendered":"https:\/\/www.hirtenberg-apotheke.at\/katalog\/produkt\/st-severin-graviolafrucht-tropfen\/"},"modified":"2025-12-04T17:03:55","modified_gmt":"2025-12-04T16:03:55","slug":"st-severin-graviolafrucht-tropfen","status":"publish","type":"product","link":"https:\/\/www.hirtenberg-apotheke.at\/katalog\/produkt\/st-severin-graviolafrucht-tropfen\/","title":{"rendered":"St. Severin Graviolafrucht Tropfen"},"content":{"rendered":"<p>Produktbeschreibung: Bei Bedarf 2 &#8211; 3 x t\u00e4glich 1 &#8211; 2 Spr\u00fchst\u00f6\u00dfe direkt in den Mund spr\u00fchen. Graviola, auch Stachelannone oder Guanabana genannt z\u00e4hlt zu den Annonen gew\u00e4chse (Annonaceae). Anwendung finden die alkoholischen Zubereitungen der Graviolabl\u00e4tter bei Leber-, Magen- und Darmleiden, aber auch Schlafst\u00f6rungen und Depressionen. Au\u00dferdem haben sie entz\u00fcndungshemmende, entkrampfende Eigenschaften, sowie positive Effekte auf den Cholesterinspiegel und Blutzucker.<\/p>\n<p>Zusammensetzung: Graviolabl\u00e4tterspray enth\u00e4lt einen hochwertigen w\u00e4ssrig\/alkoholischen Auszug aus Graviolabbl\u00e4ttern, hergestellt laut Arzneibuch. Alkoholgehalt: 66 % Vol<\/p>\n","protected":false},"excerpt":{"rendered":"<p>Produktbeschreibung: Bei Bedarf 2 &#8211; 3 x t\u00e4glich 1 &#8211; 2 Spr\u00fchst\u00f6\u00dfe direkt in den Mund spr\u00fchen. Graviola, auch Stachelannone oder Guanabana genannt z\u00e4hlt zu den Annonen gew\u00e4chse (Annonaceae). Anwendung finden die alkoholischen Zubereitungen der Graviolabl\u00e4tter bei Leber-, Magen- und Darmleiden, aber auch Schlafst\u00f6rungen und Depressionen. Au\u00dferdem haben sie entz\u00fcndungshemmende, entkrampfende Eigenschaften, sowie positive Effekte [&hellip;]<\/p>\n","protected":false},"featured_media":128904,"template":"","meta":{"_acf_changed":false},"product_brand":[411],"product_cat":[303],"product_tag":[],"class_list":{"0":"post-128902","1":"product","2":"type-product","3":"status-publish","4":"has-post-thumbnail","6":"product_brand-st-severin","7":"product_cat-s","8":"pa_packungsgroesse-50ml","10":"first","11":"instock","12":"shipping-taxable","13":"purchasable","14":"product-type-simple"},"acf":[],"_links":{"self":[{"href":"https:\/\/www.hirtenberg-apotheke.at\/katalog\/wp-json\/wp\/v2\/product\/128902","targetHints":{"allow":["GET"]}}],"collection":[{"href":"https:\/\/www.hirtenberg-apotheke.at\/katalog\/wp-json\/wp\/v2\/product"}],"about":[{"href":"https:\/\/www.hirtenberg-apotheke.at\/katalog\/wp-json\/wp\/v2\/types\/product"}],"wp:featuredmedia":[{"embeddable":true,"href":"https:\/\/www.hirtenberg-apotheke.at\/katalog\/wp-json\/wp\/v2\/media\/128904"}],"wp:attachment":[{"href":"https:\/\/www.hirtenberg-apotheke.at\/katalog\/wp-json\/wp\/v2\/media?parent=128902"}],"wp:term":[{"taxonomy":"product_brand","embeddable":true,"href":"https:\/\/www.hirtenberg-apotheke.at\/katalog\/wp-json\/wp\/v2\/product_brand?post=128902"},{"taxonomy":"product_cat","embeddable":true,"href":"https:\/\/www.hirtenberg-apotheke.at\/katalog\/wp-json\/wp\/v2\/product_cat?post=128902"},{"taxonomy":"product_tag","embeddable":true,"href":"https:\/\/www.hirtenberg-apotheke.at\/katalog\/wp-json\/wp\/v2\/product_tag?post=128902"}],"curies":[{"name":"wp","href":"https:\/\/api.w.org\/{rel}","templated":true}]}}