{"id":128916,"date":"2025-12-04T17:04:09","date_gmt":"2025-12-04T16:04:09","guid":{"rendered":"https:\/\/www.hirtenberg-apotheke.at\/katalog\/produkt\/st-severin-griechischer-bergtee-tropfen\/"},"modified":"2025-12-04T17:04:21","modified_gmt":"2025-12-04T16:04:21","slug":"st-severin-griechischer-bergtee-tropfen","status":"publish","type":"product","link":"https:\/\/www.hirtenberg-apotheke.at\/katalog\/produkt\/st-severin-griechischer-bergtee-tropfen\/","title":{"rendered":"St. Severin Griechischer Bergtee Tropfen"},"content":{"rendered":"<p>Produktbeschreibung: Bei Bedarf 2 &#8211; 3 x 1 &#8211; 2 Spr\u00fchst\u00f6\u00dfe direkt in den Mund spr\u00fchen. Der Griechische Bergtee ist auch unter dem Namen Griechisches Eisenkraut be kannt. In der Volksmedizin sch\u00e4tzt man das Kraut bei Verdauungsbeschwerden. Po sitive Effekte zeigt der Griechische Bergtee auch bei Erk\u00e4ltungen sowie Problemen mit dem Ged\u00e4chtnis. Auch stimmungsaufhellende und einschlaff\u00f6rdernde Effekte werden dem Kraut zugesprochen.<\/p>\n<p>Zusammensetzung:<\/p>\n<p>Griechischer Bergtee Tropfen und Spray enthalten einen hochwertigen w\u00e4ssrig\/alkoholischen Auszug aus griechischem Bergtee im Verh\u00e4ltnis 1:5, hergestellt laut Arzneibuch. Alkoholgehalt: 66 % Vol<\/p>\n","protected":false},"excerpt":{"rendered":"<p>Produktbeschreibung: Bei Bedarf 2 &#8211; 3 x 1 &#8211; 2 Spr\u00fchst\u00f6\u00dfe direkt in den Mund spr\u00fchen. Der Griechische Bergtee ist auch unter dem Namen Griechisches Eisenkraut be kannt. In der Volksmedizin sch\u00e4tzt man das Kraut bei Verdauungsbeschwerden. Po sitive Effekte zeigt der Griechische Bergtee auch bei Erk\u00e4ltungen sowie Problemen mit dem Ged\u00e4chtnis. Auch stimmungsaufhellende und [&hellip;]<\/p>\n","protected":false},"featured_media":128918,"template":"","meta":{"_acf_changed":false},"product_brand":[411],"product_cat":[303],"product_tag":[],"class_list":{"0":"post-128916","1":"product","2":"type-product","3":"status-publish","4":"has-post-thumbnail","6":"product_brand-st-severin","7":"product_cat-s","8":"pa_packungsgroesse-50ml","10":"first","11":"instock","12":"shipping-taxable","13":"purchasable","14":"product-type-simple"},"acf":[],"_links":{"self":[{"href":"https:\/\/www.hirtenberg-apotheke.at\/katalog\/wp-json\/wp\/v2\/product\/128916","targetHints":{"allow":["GET"]}}],"collection":[{"href":"https:\/\/www.hirtenberg-apotheke.at\/katalog\/wp-json\/wp\/v2\/product"}],"about":[{"href":"https:\/\/www.hirtenberg-apotheke.at\/katalog\/wp-json\/wp\/v2\/types\/product"}],"wp:featuredmedia":[{"embeddable":true,"href":"https:\/\/www.hirtenberg-apotheke.at\/katalog\/wp-json\/wp\/v2\/media\/128918"}],"wp:attachment":[{"href":"https:\/\/www.hirtenberg-apotheke.at\/katalog\/wp-json\/wp\/v2\/media?parent=128916"}],"wp:term":[{"taxonomy":"product_brand","embeddable":true,"href":"https:\/\/www.hirtenberg-apotheke.at\/katalog\/wp-json\/wp\/v2\/product_brand?post=128916"},{"taxonomy":"product_cat","embeddable":true,"href":"https:\/\/www.hirtenberg-apotheke.at\/katalog\/wp-json\/wp\/v2\/product_cat?post=128916"},{"taxonomy":"product_tag","embeddable":true,"href":"https:\/\/www.hirtenberg-apotheke.at\/katalog\/wp-json\/wp\/v2\/product_tag?post=128916"}],"curies":[{"name":"wp","href":"https:\/\/api.w.org\/{rel}","templated":true}]}}