{"id":128955,"date":"2025-12-04T17:04:47","date_gmt":"2025-12-04T16:04:47","guid":{"rendered":"https:\/\/www.hirtenberg-apotheke.at\/katalog\/produkt\/st-severin-habichtskrautwurzel-tropfen\/"},"modified":"2025-12-04T17:04:58","modified_gmt":"2025-12-04T16:04:58","slug":"st-severin-habichtskrautwurzel-tropfen","status":"publish","type":"product","link":"https:\/\/www.hirtenberg-apotheke.at\/katalog\/produkt\/st-severin-habichtskrautwurzel-tropfen\/","title":{"rendered":"St. Severin Habichtskrautwurzel Tropfen"},"content":{"rendered":"<p>Produktbeschreibung:<\/p>\n<p>Bei Bedarf 2 &#8211; 3 x 1 &#8211; 2 Spr\u00fchst\u00f6\u00dfe direkt in den Mund spr\u00fchen.Das Habichtskraut soll laut \u00dcberlieferungen des Volksmundes die Sehkraftf\u00f6rdern k\u00f6nnen \u2013 angeblich verdanken Habichte dem Kraut ihre besondere Seh kraft. Weiters soll es adstringierende Eigenschaften haben. Das Habichtskraut wird vorwiegend als Sp\u00fclung oder Gurgell\u00f6sung im Mund- und Rachenraum genutzt. Auch kann es unterst\u00fctzend bei Durchfall und Magen-Darmproblemen eingesetztwerden.<\/p>\n<p>Zusammensetzung:<\/p>\n<p>Habichtskraut Spray enth\u00e4lt einen hochwertigen w\u00e4ssrig\/alkoholischen Auszug aus Habichtskraut im Verh\u00e4ltnis 1:5, hergestellt laut Arzneibuch. Alkoholgehalt:66 % Vol<\/p>\n","protected":false},"excerpt":{"rendered":"<p>Produktbeschreibung: Bei Bedarf 2 &#8211; 3 x 1 &#8211; 2 Spr\u00fchst\u00f6\u00dfe direkt in den Mund spr\u00fchen.Das Habichtskraut soll laut \u00dcberlieferungen des Volksmundes die Sehkraftf\u00f6rdern k\u00f6nnen \u2013 angeblich verdanken Habichte dem Kraut ihre besondere Seh kraft. Weiters soll es adstringierende Eigenschaften haben. Das Habichtskraut wird vorwiegend als Sp\u00fclung oder Gurgell\u00f6sung im Mund- und Rachenraum genutzt. Auch [&hellip;]<\/p>\n","protected":false},"featured_media":128957,"template":"","meta":{"_acf_changed":false},"product_brand":[411],"product_cat":[303],"product_tag":[],"class_list":{"0":"post-128955","1":"product","2":"type-product","3":"status-publish","4":"has-post-thumbnail","6":"product_brand-st-severin","7":"product_cat-s","8":"pa_packungsgroesse-50ml","10":"first","11":"instock","12":"shipping-taxable","13":"purchasable","14":"product-type-simple"},"acf":[],"_links":{"self":[{"href":"https:\/\/www.hirtenberg-apotheke.at\/katalog\/wp-json\/wp\/v2\/product\/128955","targetHints":{"allow":["GET"]}}],"collection":[{"href":"https:\/\/www.hirtenberg-apotheke.at\/katalog\/wp-json\/wp\/v2\/product"}],"about":[{"href":"https:\/\/www.hirtenberg-apotheke.at\/katalog\/wp-json\/wp\/v2\/types\/product"}],"wp:featuredmedia":[{"embeddable":true,"href":"https:\/\/www.hirtenberg-apotheke.at\/katalog\/wp-json\/wp\/v2\/media\/128957"}],"wp:attachment":[{"href":"https:\/\/www.hirtenberg-apotheke.at\/katalog\/wp-json\/wp\/v2\/media?parent=128955"}],"wp:term":[{"taxonomy":"product_brand","embeddable":true,"href":"https:\/\/www.hirtenberg-apotheke.at\/katalog\/wp-json\/wp\/v2\/product_brand?post=128955"},{"taxonomy":"product_cat","embeddable":true,"href":"https:\/\/www.hirtenberg-apotheke.at\/katalog\/wp-json\/wp\/v2\/product_cat?post=128955"},{"taxonomy":"product_tag","embeddable":true,"href":"https:\/\/www.hirtenberg-apotheke.at\/katalog\/wp-json\/wp\/v2\/product_tag?post=128955"}],"curies":[{"name":"wp","href":"https:\/\/api.w.org\/{rel}","templated":true}]}}