{"id":129115,"date":"2025-12-04T17:07:40","date_gmt":"2025-12-04T16:07:40","guid":{"rendered":"https:\/\/www.hirtenberg-apotheke.at\/katalog\/produkt\/st-severin-kapuzinerkresse-tropfen\/"},"modified":"2025-12-04T17:07:56","modified_gmt":"2025-12-04T16:07:56","slug":"st-severin-kapuzinerkresse-tropfen","status":"publish","type":"product","link":"https:\/\/www.hirtenberg-apotheke.at\/katalog\/produkt\/st-severin-kapuzinerkresse-tropfen\/","title":{"rendered":"St. Severin Kapuzinerkresse Tropfen"},"content":{"rendered":"<p>Dem Kapuzinerkressekraut werden viele positive Eigenschaften zugesprochen. Zu den wichtigen Inhaltsstoffen der Pflanze z\u00e4hlt das \u00e4therische \u00d6l mit seinen Senf\u00f6 len (Isothiocyanaten), Vitamin C, Oxals\u00e4ure und Polyphenole. Positive Effekte zeigt die Kapuzinerkresse besonders bei Erk\u00e4ltungen und Beschwerden im Bereich der Harnwege.<\/p>\n<p><\/p>\n<p>Zusammensetzung:<\/p>\n<p>Kapuzinerkressetropfen und -spray enthalten einen hochwertigen w\u00e4ssrig\/alkoho lischen Auszug aus Kapuzinerkresse im Verh\u00e4ltnis 1:5, hergestellt laut Arzneibuch. Alkoholgehalt: 66 % Vol<\/p>\n","protected":false},"excerpt":{"rendered":"<p>Dem Kapuzinerkressekraut werden viele positive Eigenschaften zugesprochen. Zu den wichtigen Inhaltsstoffen der Pflanze z\u00e4hlt das \u00e4therische \u00d6l mit seinen Senf\u00f6 len (Isothiocyanaten), Vitamin C, Oxals\u00e4ure und Polyphenole. Positive Effekte zeigt die Kapuzinerkresse besonders bei Erk\u00e4ltungen und Beschwerden im Bereich der Harnwege. Zusammensetzung: Kapuzinerkressetropfen und -spray enthalten einen hochwertigen w\u00e4ssrig\/alkoho lischen Auszug aus Kapuzinerkresse im Verh\u00e4ltnis [&hellip;]<\/p>\n","protected":false},"featured_media":129117,"template":"","meta":{"_acf_changed":false},"product_brand":[411],"product_cat":[303],"product_tag":[],"class_list":{"0":"post-129115","1":"product","2":"type-product","3":"status-publish","4":"has-post-thumbnail","6":"product_brand-st-severin","7":"product_cat-s","8":"pa_packungsgroesse-50ml","10":"first","11":"instock","12":"shipping-taxable","13":"purchasable","14":"product-type-simple"},"acf":[],"_links":{"self":[{"href":"https:\/\/www.hirtenberg-apotheke.at\/katalog\/wp-json\/wp\/v2\/product\/129115","targetHints":{"allow":["GET"]}}],"collection":[{"href":"https:\/\/www.hirtenberg-apotheke.at\/katalog\/wp-json\/wp\/v2\/product"}],"about":[{"href":"https:\/\/www.hirtenberg-apotheke.at\/katalog\/wp-json\/wp\/v2\/types\/product"}],"wp:featuredmedia":[{"embeddable":true,"href":"https:\/\/www.hirtenberg-apotheke.at\/katalog\/wp-json\/wp\/v2\/media\/129117"}],"wp:attachment":[{"href":"https:\/\/www.hirtenberg-apotheke.at\/katalog\/wp-json\/wp\/v2\/media?parent=129115"}],"wp:term":[{"taxonomy":"product_brand","embeddable":true,"href":"https:\/\/www.hirtenberg-apotheke.at\/katalog\/wp-json\/wp\/v2\/product_brand?post=129115"},{"taxonomy":"product_cat","embeddable":true,"href":"https:\/\/www.hirtenberg-apotheke.at\/katalog\/wp-json\/wp\/v2\/product_cat?post=129115"},{"taxonomy":"product_tag","embeddable":true,"href":"https:\/\/www.hirtenberg-apotheke.at\/katalog\/wp-json\/wp\/v2\/product_tag?post=129115"}],"curies":[{"name":"wp","href":"https:\/\/api.w.org\/{rel}","templated":true}]}}