{"id":129130,"date":"2025-12-04T17:08:03","date_gmt":"2025-12-04T16:08:03","guid":{"rendered":"https:\/\/www.hirtenberg-apotheke.at\/katalog\/produkt\/st-severin-katzenminze-spray\/"},"modified":"2025-12-04T17:08:20","modified_gmt":"2025-12-04T16:08:20","slug":"st-severin-katzenminze-spray","status":"publish","type":"product","link":"https:\/\/www.hirtenberg-apotheke.at\/katalog\/produkt\/st-severin-katzenminze-spray\/","title":{"rendered":"St. Severin Katzenminze Spray"},"content":{"rendered":"<p>Produktbeschreibung:<\/p>\n<p>Bei Bedarf 2 &#8211; 3 x 1 &#8211; 2 Spr\u00fchst\u00f6\u00dfe direkt in den Mund spr\u00fchen. Die Echte Katzenminze geh\u00f6rt zur Familie der Lippenbl\u00fctler (Lamiaceae). Zu den wichtigsten Inhaltsstoffen z\u00e4hlen Carvacrol, Thymol, Neptals\u00e4ure, Lactone. Der Echten Katzenminze werden fiebersenkende, krampfl\u00f6sende, appetitanregende sowie harntreibende Eigenschaften zugesprochen. Au\u00dferdem sind positive Effekte bei Verdauungs-st\u00f6rungen und Schlafproblemen bekannt.<\/p>\n<p>Zusammensetzung:<\/p>\n<p>Katzenminzespray enth\u00e4lt einen hochwertigen w\u00e4ssrig\/alkoholischen Auszug aus Katzenminze. Der Auszug wird nach Vorgaben des Arzneibuches im Verh\u00e4ltnis 1:5 hergestellt. Alkoholgehalt: 66 % Vol<\/p>\n","protected":false},"excerpt":{"rendered":"<p>Produktbeschreibung: Bei Bedarf 2 &#8211; 3 x 1 &#8211; 2 Spr\u00fchst\u00f6\u00dfe direkt in den Mund spr\u00fchen. Die Echte Katzenminze geh\u00f6rt zur Familie der Lippenbl\u00fctler (Lamiaceae). Zu den wichtigsten Inhaltsstoffen z\u00e4hlen Carvacrol, Thymol, Neptals\u00e4ure, Lactone. Der Echten Katzenminze werden fiebersenkende, krampfl\u00f6sende, appetitanregende sowie harntreibende Eigenschaften zugesprochen. Au\u00dferdem sind positive Effekte bei Verdauungs-st\u00f6rungen und Schlafproblemen bekannt. Zusammensetzung: [&hellip;]<\/p>\n","protected":false},"featured_media":129132,"template":"","meta":{"_acf_changed":false},"product_brand":[411],"product_cat":[303],"product_tag":[],"class_list":{"0":"post-129130","1":"product","2":"type-product","3":"status-publish","4":"has-post-thumbnail","6":"product_brand-st-severin","7":"product_cat-s","8":"pa_packungsgroesse-50ml","10":"first","11":"instock","12":"shipping-taxable","13":"purchasable","14":"product-type-simple"},"acf":[],"_links":{"self":[{"href":"https:\/\/www.hirtenberg-apotheke.at\/katalog\/wp-json\/wp\/v2\/product\/129130","targetHints":{"allow":["GET"]}}],"collection":[{"href":"https:\/\/www.hirtenberg-apotheke.at\/katalog\/wp-json\/wp\/v2\/product"}],"about":[{"href":"https:\/\/www.hirtenberg-apotheke.at\/katalog\/wp-json\/wp\/v2\/types\/product"}],"wp:featuredmedia":[{"embeddable":true,"href":"https:\/\/www.hirtenberg-apotheke.at\/katalog\/wp-json\/wp\/v2\/media\/129132"}],"wp:attachment":[{"href":"https:\/\/www.hirtenberg-apotheke.at\/katalog\/wp-json\/wp\/v2\/media?parent=129130"}],"wp:term":[{"taxonomy":"product_brand","embeddable":true,"href":"https:\/\/www.hirtenberg-apotheke.at\/katalog\/wp-json\/wp\/v2\/product_brand?post=129130"},{"taxonomy":"product_cat","embeddable":true,"href":"https:\/\/www.hirtenberg-apotheke.at\/katalog\/wp-json\/wp\/v2\/product_cat?post=129130"},{"taxonomy":"product_tag","embeddable":true,"href":"https:\/\/www.hirtenberg-apotheke.at\/katalog\/wp-json\/wp\/v2\/product_tag?post=129130"}],"curies":[{"name":"wp","href":"https:\/\/api.w.org\/{rel}","templated":true}]}}