{"id":129171,"date":"2025-12-04T17:08:57","date_gmt":"2025-12-04T16:08:57","guid":{"rendered":"https:\/\/www.hirtenberg-apotheke.at\/katalog\/produkt\/kijimea-liquid-brausetabletten-40-stk\/"},"modified":"2025-12-04T17:09:24","modified_gmt":"2025-12-04T16:09:24","slug":"kijimea-liquid-brausetabletten-40-stk","status":"publish","type":"product","link":"https:\/\/www.hirtenberg-apotheke.at\/katalog\/produkt\/kijimea-liquid-brausetabletten-40-stk\/","title":{"rendered":"Kijimea Liquid Brausetabletten 40 Stk."},"content":{"rendered":"<p>Ein Gro\u00dfteil der Bev\u00f6lkerung in \u00d6sterreich leidet unter Fl\u00fcssigkeitsmangel (wissenschaftlich Dehydration). In der Folge kann es zu M\u00fcdigkeit und Abgeschlagenheit und zu geringerer k\u00f6rperlicher und geistiger Leistungsf\u00e4higkeit kommen. Daneben sind auch eine Beeintr\u00e4chtigung der allgemeinen Lebensfreude und Konzentrationsschwierigkeiten m\u00f6glich.<\/p>\n<p>&#13;<\/p>\n<p>Kijimea Liquid erm\u00f6glicht es dem K\u00f6rper, <strong>mehr<\/strong> Wasser in <strong>k\u00fcrzerer Zeit<\/strong> aufzunehmen \u2013 und so weniger Fl\u00fcssigkeit ungenutzt auszuscheiden.<\/p>\n<p>&#13;<\/p>\n<p>Denn Kijimea Liquid aktiviert auf geniale Art und Weise einen besonderen k\u00f6rpereigenen Mechanismus \u2013 den sogenannten aktiven Natrium-Glucose-Cotransporter (SGLT-1).<\/p>\n<p>&#13;<\/p>\n<p>Dieser funktioniert wie folgt: Wenn der K\u00f6rper Glucose und spezifische Elektrolyte in einem genau austarierten Verh\u00e4ltnis gemeinsam mit Fl\u00fcssigkeit aufnimmt, nimmt der SGLT-1-Transporter seine Arbeit auf. Er transportiert die Glucose mit den Elektrolyten in die K\u00f6rperzellen. Das Geniale: Dadurch, dass nun Glucose und Elektrolyte in die K\u00f6rperzellen gelangen, entsteht ein gewisser \u201eUnterdruck\u201c. Und genau dieser Unterdruck f\u00fchrt dazu, dass das Wasser mit in die K\u00f6rperzellen gezogen wird. So wird zwischen 3- und 4-mal mehr Wasser aufgenommen. Wissenschaftler bezeichnen diesen Effekt als sogenannten Water-Multiplier, auch Wasservervielf\u00e4ltiger-Effekt.<\/p>\n<p>&#13;<\/p>\n<p>Kijimea Liquid ist ein Nahrungserg\u00e4nzungsmittel. Eine Packung Kijimea Liquid enth\u00e4lt zwei R\u00f6hrchen mit jeweils 20 Brausetabletten.<\/p>\n<p>&#13;<\/p>\n<p><strong> Die Vorteile von Kijimea Liquid auf einen Blick:<\/strong><\/p>\n<p>&#13;<\/p>\n<ul>&#13;<\/p>\n<li>Beschleunigt und erh\u00f6ht die Aufnahme von <strong>Wasser und Elektrolyten<\/strong><\/li>\n<p>&#13;<\/p>\n<li>Einzigartiger <strong>Komplex aus Mikron\u00e4hrstoffen, D-Glucose und Elektrolyten <\/strong><\/li>\n<p>&#13;<\/p>\n<li>Mit <strong>erfrischendem Zitronengeschmack<\/strong><\/li>\n<p>&#13;\n<\/ul>\n","protected":false},"excerpt":{"rendered":"<p>Ein Gro\u00dfteil der Bev\u00f6lkerung in \u00d6sterreich leidet unter Fl\u00fcssigkeitsmangel (wissenschaftlich Dehydration). In der Folge kann es zu M\u00fcdigkeit und Abgeschlagenheit und zu geringerer k\u00f6rperlicher und geistiger Leistungsf\u00e4higkeit kommen. Daneben sind auch eine Beeintr\u00e4chtigung der allgemeinen Lebensfreude und Konzentrationsschwierigkeiten m\u00f6glich. &#13; Kijimea Liquid erm\u00f6glicht es dem K\u00f6rper, mehr Wasser in k\u00fcrzerer Zeit aufzunehmen \u2013 und so [&hellip;]<\/p>\n","protected":false},"featured_media":129173,"template":"","meta":{"_acf_changed":false},"product_brand":[],"product_cat":[387],"product_tag":[],"class_list":{"0":"post-129171","1":"product","2":"type-product","3":"status-publish","4":"has-post-thumbnail","6":"product_cat-k","7":"pa_packungsgroesse-40-stueck","9":"first","10":"instock","11":"shipping-taxable","12":"purchasable","13":"product-type-simple"},"acf":[],"_links":{"self":[{"href":"https:\/\/www.hirtenberg-apotheke.at\/katalog\/wp-json\/wp\/v2\/product\/129171","targetHints":{"allow":["GET"]}}],"collection":[{"href":"https:\/\/www.hirtenberg-apotheke.at\/katalog\/wp-json\/wp\/v2\/product"}],"about":[{"href":"https:\/\/www.hirtenberg-apotheke.at\/katalog\/wp-json\/wp\/v2\/types\/product"}],"wp:featuredmedia":[{"embeddable":true,"href":"https:\/\/www.hirtenberg-apotheke.at\/katalog\/wp-json\/wp\/v2\/media\/129173"}],"wp:attachment":[{"href":"https:\/\/www.hirtenberg-apotheke.at\/katalog\/wp-json\/wp\/v2\/media?parent=129171"}],"wp:term":[{"taxonomy":"product_brand","embeddable":true,"href":"https:\/\/www.hirtenberg-apotheke.at\/katalog\/wp-json\/wp\/v2\/product_brand?post=129171"},{"taxonomy":"product_cat","embeddable":true,"href":"https:\/\/www.hirtenberg-apotheke.at\/katalog\/wp-json\/wp\/v2\/product_cat?post=129171"},{"taxonomy":"product_tag","embeddable":true,"href":"https:\/\/www.hirtenberg-apotheke.at\/katalog\/wp-json\/wp\/v2\/product_tag?post=129171"}],"curies":[{"name":"wp","href":"https:\/\/api.w.org\/{rel}","templated":true}]}}