{"id":12929,"date":"2025-11-25T15:35:43","date_gmt":"2025-11-25T14:35:43","guid":{"rendered":"https:\/\/www.hirtenberg-apotheke.at\/katalog\/produkt\/mucobene-600-mg-loesliches-pulver\/"},"modified":"2025-11-25T15:37:11","modified_gmt":"2025-11-25T14:37:11","slug":"mucobene-600-mg-loesliches-pulver","status":"publish","type":"product","link":"https:\/\/www.hirtenberg-apotheke.at\/katalog\/produkt\/mucobene-600-mg-loesliches-pulver\/","title":{"rendered":"Mucobene 600 mg l\u00f6sliches Pulver"},"content":{"rendered":"<p>Mucobene 600 mg-l\u00f6sliches Pulver eignet sich als Zusatztherapie zusammen mit reichlich Fl\u00fcssigkeit, zur Schleiml\u00f6sung und zum erleichterten Abhusten bei Atemwegserkrankungen (Lunge und Bronchien).<\/p>\n","protected":false},"excerpt":{"rendered":"<p>Mucobene 600 mg-l\u00f6sliches Pulver eignet sich als Zusatztherapie zusammen mit reichlich Fl\u00fcssigkeit, zur Schleiml\u00f6sung und zum erleichterten Abhusten bei Atemwegserkrankungen (Lunge und Bronchien).<\/p>\n","protected":false},"featured_media":0,"template":"","meta":{"_acf_changed":false},"product_brand":[],"product_cat":[308],"product_tag":[],"class_list":{"0":"post-12929","1":"product","2":"type-product","3":"status-publish","5":"product_cat-m","6":"pa_packungsgroesse-30-stueck","7":"pa_packungsgroesse-10-stueck","9":"first","10":"instock","11":"shipping-taxable","12":"purchasable","13":"product-type-simple"},"acf":[],"_links":{"self":[{"href":"https:\/\/www.hirtenberg-apotheke.at\/katalog\/wp-json\/wp\/v2\/product\/12929","targetHints":{"allow":["GET"]}}],"collection":[{"href":"https:\/\/www.hirtenberg-apotheke.at\/katalog\/wp-json\/wp\/v2\/product"}],"about":[{"href":"https:\/\/www.hirtenberg-apotheke.at\/katalog\/wp-json\/wp\/v2\/types\/product"}],"wp:attachment":[{"href":"https:\/\/www.hirtenberg-apotheke.at\/katalog\/wp-json\/wp\/v2\/media?parent=12929"}],"wp:term":[{"taxonomy":"product_brand","embeddable":true,"href":"https:\/\/www.hirtenberg-apotheke.at\/katalog\/wp-json\/wp\/v2\/product_brand?post=12929"},{"taxonomy":"product_cat","embeddable":true,"href":"https:\/\/www.hirtenberg-apotheke.at\/katalog\/wp-json\/wp\/v2\/product_cat?post=12929"},{"taxonomy":"product_tag","embeddable":true,"href":"https:\/\/www.hirtenberg-apotheke.at\/katalog\/wp-json\/wp\/v2\/product_tag?post=12929"}],"curies":[{"name":"wp","href":"https:\/\/api.w.org\/{rel}","templated":true}]}}