{"id":129294,"date":"2025-12-04T17:11:15","date_gmt":"2025-12-04T16:11:15","guid":{"rendered":"https:\/\/www.hirtenberg-apotheke.at\/katalog\/produkt\/espara-kuerbiskern-saegepalme-kapseln-30-stk\/"},"modified":"2025-12-04T17:11:16","modified_gmt":"2025-12-04T16:11:16","slug":"espara-kuerbiskern-saegepalme-kapseln-30-stk","status":"publish","type":"product","link":"https:\/\/www.hirtenberg-apotheke.at\/katalog\/produkt\/espara-kuerbiskern-saegepalme-kapseln-30-stk\/","title":{"rendered":"Espara K\u00fcrbiskern-S\u00e4gepalme Kapseln 30 Stk."},"content":{"rendered":"<p>Espara K\u00fcrbiskern-S\u00e4gepalme Kapseln mit K\u00fcrbiskernen, Vitamin E sowie Bl\u00fctenpollen, Weidenr\u00f6schen, Brennnessel und S\u00e4gepalme. K\u00fcrbiskerne wirken g\u00fcnstig auf Blase und Prostata. Vitamin E tr\u00e4gt dazu bei, die Zellen vor oxidativem Stress zu sch\u00fctzen.<\/p>\n","protected":false},"excerpt":{"rendered":"<p>Espara K\u00fcrbiskern-S\u00e4gepalme Kapseln mit K\u00fcrbiskernen, Vitamin E sowie Bl\u00fctenpollen, Weidenr\u00f6schen, Brennnessel und S\u00e4gepalme. K\u00fcrbiskerne wirken g\u00fcnstig auf Blase und Prostata. Vitamin E tr\u00e4gt dazu bei, die Zellen vor oxidativem Stress zu sch\u00fctzen.<\/p>\n","protected":false},"featured_media":0,"template":"","meta":{"_acf_changed":false},"product_brand":[],"product_cat":[307],"product_tag":[],"class_list":{"0":"post-129294","1":"product","2":"type-product","3":"status-publish","5":"product_cat-e","6":"pa_packungsgroesse-30-stueck","8":"first","9":"instock","10":"shipping-taxable","11":"purchasable","12":"product-type-simple"},"acf":[],"_links":{"self":[{"href":"https:\/\/www.hirtenberg-apotheke.at\/katalog\/wp-json\/wp\/v2\/product\/129294","targetHints":{"allow":["GET"]}}],"collection":[{"href":"https:\/\/www.hirtenberg-apotheke.at\/katalog\/wp-json\/wp\/v2\/product"}],"about":[{"href":"https:\/\/www.hirtenberg-apotheke.at\/katalog\/wp-json\/wp\/v2\/types\/product"}],"wp:attachment":[{"href":"https:\/\/www.hirtenberg-apotheke.at\/katalog\/wp-json\/wp\/v2\/media?parent=129294"}],"wp:term":[{"taxonomy":"product_brand","embeddable":true,"href":"https:\/\/www.hirtenberg-apotheke.at\/katalog\/wp-json\/wp\/v2\/product_brand?post=129294"},{"taxonomy":"product_cat","embeddable":true,"href":"https:\/\/www.hirtenberg-apotheke.at\/katalog\/wp-json\/wp\/v2\/product_cat?post=129294"},{"taxonomy":"product_tag","embeddable":true,"href":"https:\/\/www.hirtenberg-apotheke.at\/katalog\/wp-json\/wp\/v2\/product_tag?post=129294"}],"curies":[{"name":"wp","href":"https:\/\/api.w.org\/{rel}","templated":true}]}}