{"id":129504,"date":"2025-12-04T17:17:19","date_gmt":"2025-12-04T16:17:19","guid":{"rendered":"https:\/\/www.hirtenberg-apotheke.at\/katalog\/produkt\/burgerstein-magnesiumvital-direct-sticks-30-stk\/"},"modified":"2025-12-04T17:17:21","modified_gmt":"2025-12-04T16:17:21","slug":"burgerstein-magnesiumvital-direct-sticks-30-stk","status":"publish","type":"product","link":"https:\/\/www.hirtenberg-apotheke.at\/katalog\/produkt\/burgerstein-magnesiumvital-direct-sticks-30-stk\/","title":{"rendered":"Burgerstein MagnesiumVital direct Sticks 30 Stk."},"content":{"rendered":"<div>Magnesium \u00fcbernimmt viele Aufgaben im Stoffwechsel. Es unterst\u00fctzt die normale Funktion des Nervensystems und der Muskeln und ist wichtig f\u00fcr den Erhalt von Knochen und Z\u00e4hnen sowie den Ausgleich des Elektrolythaushalts. Dar\u00fcber hinaus tr\u00e4gt Magnesium zur Verringerung von M\u00fcdigkeit und Erm\u00fcdung sowie zu einer normalen geistigen Funktion bei.<\/div>\n<p>&#13;<\/p>\n<div>&#13;<\/p>\n<p>Burgerstein MagnesiumVital enth\u00e4lt eine leicht verdauliche Magnesiumverbindung. Durch den Einsatz zweier Magnesiumarten (Magnesiumcitrat und Magnesiumbisglycinat) ist eine optimale Verf\u00fcgbarkeit gew\u00e4hrleistet.<\/p>\n<p>&#13;<\/p>\n<p>Von den etwa 20\u201330 Gramm Magnesium in unserem K\u00f6rper befinden sich etwa 60 % in den Knochen und fast 30 % im Bindegewebe, insbesondere in Leber und Muskeln. Magnesium ist immer dort zu finden, wo Kalzium ben\u00f6tigt wird und beugt einer intrazellul\u00e4ren Kalzium\u00fcberladung vor. Dieses Produkt ist f\u00fcr Veganer und Vegetarier geeignet.<\/p>\n<p>&#13;\n<\/p><\/div>\n","protected":false},"excerpt":{"rendered":"<p>Magnesium \u00fcbernimmt viele Aufgaben im Stoffwechsel. Es unterst\u00fctzt die normale Funktion des Nervensystems und der Muskeln und ist wichtig f\u00fcr den Erhalt von Knochen und Z\u00e4hnen sowie den Ausgleich des Elektrolythaushalts. Dar\u00fcber hinaus tr\u00e4gt Magnesium zur Verringerung von M\u00fcdigkeit und Erm\u00fcdung sowie zu einer normalen geistigen Funktion bei. &#13; &#13; Burgerstein MagnesiumVital enth\u00e4lt eine leicht [&hellip;]<\/p>\n","protected":false},"featured_media":0,"template":"","meta":{"_acf_changed":false},"product_brand":[422],"product_cat":[292],"product_tag":[],"class_list":{"0":"post-129504","1":"product","2":"type-product","3":"status-publish","5":"product_brand-burgerstein","6":"product_cat-b","7":"pa_packungsgroesse-30-stueck","9":"first","10":"instock","11":"shipping-taxable","12":"purchasable","13":"product-type-simple"},"acf":[],"_links":{"self":[{"href":"https:\/\/www.hirtenberg-apotheke.at\/katalog\/wp-json\/wp\/v2\/product\/129504","targetHints":{"allow":["GET"]}}],"collection":[{"href":"https:\/\/www.hirtenberg-apotheke.at\/katalog\/wp-json\/wp\/v2\/product"}],"about":[{"href":"https:\/\/www.hirtenberg-apotheke.at\/katalog\/wp-json\/wp\/v2\/types\/product"}],"wp:attachment":[{"href":"https:\/\/www.hirtenberg-apotheke.at\/katalog\/wp-json\/wp\/v2\/media?parent=129504"}],"wp:term":[{"taxonomy":"product_brand","embeddable":true,"href":"https:\/\/www.hirtenberg-apotheke.at\/katalog\/wp-json\/wp\/v2\/product_brand?post=129504"},{"taxonomy":"product_cat","embeddable":true,"href":"https:\/\/www.hirtenberg-apotheke.at\/katalog\/wp-json\/wp\/v2\/product_cat?post=129504"},{"taxonomy":"product_tag","embeddable":true,"href":"https:\/\/www.hirtenberg-apotheke.at\/katalog\/wp-json\/wp\/v2\/product_tag?post=129504"}],"curies":[{"name":"wp","href":"https:\/\/api.w.org\/{rel}","templated":true}]}}