{"id":129687,"date":"2025-12-04T17:21:23","date_gmt":"2025-12-04T16:21:23","guid":{"rendered":"https:\/\/www.hirtenberg-apotheke.at\/katalog\/produkt\/neosino-hyaluron-kapseln-60-stk\/"},"modified":"2025-12-04T17:21:27","modified_gmt":"2025-12-04T16:21:27","slug":"neosino-hyaluron-kapseln-60-stk","status":"publish","type":"product","link":"https:\/\/www.hirtenberg-apotheke.at\/katalog\/produkt\/neosino-hyaluron-kapseln-60-stk\/","title":{"rendered":"Neosino Hyaluron Kapseln 60 Stk."},"content":{"rendered":"<p>Die neosino Hyaluron Kapseln unterst\u00fctzen Haut und Gelenke. Sie helfen die Haut von innen aufzupolstern, sie zu durchfeuchten, ihr wieder mehr Spannkraft zu geben und der Entstehung von Mimikfalten vorzubeugen. Sie k\u00f6nnen die Beweglichkeit der Gelenke verbessern.  Neosino verwendet ausschlie\u00dflich Hyalurons\u00e4ure, die biotechnologisch hergestellt wurde, sie ist also zum einen frei von tierischem Eiwei\u00df und zum anderen kann somit eine gleichbleibende Qualit\u00e4t sichergestellt werden.Neosino\u00ae, ein steirisches Unternehmen, entwickelt und vertreibt hochwertige Produkte, basierend auf Silicium, Magnesium und Calcium, welche durch ihre spezielle Technologie in der Zellerneuerung erfolgreich sind.<\/p>\n","protected":false},"excerpt":{"rendered":"<p>Die neosino Hyaluron Kapseln unterst\u00fctzen Haut und Gelenke. Sie helfen die Haut von innen aufzupolstern, sie zu durchfeuchten, ihr wieder mehr Spannkraft zu geben und der Entstehung von Mimikfalten vorzubeugen. Sie k\u00f6nnen die Beweglichkeit der Gelenke verbessern. Neosino verwendet ausschlie\u00dflich Hyalurons\u00e4ure, die biotechnologisch hergestellt wurde, sie ist also zum einen frei von tierischem Eiwei\u00df und [&hellip;]<\/p>\n","protected":false},"featured_media":0,"template":"","meta":{"_acf_changed":false},"product_brand":[],"product_cat":[310],"product_tag":[],"class_list":{"0":"post-129687","1":"product","2":"type-product","3":"status-publish","5":"product_cat-n","6":"pa_packungsgroesse-60-stueck","8":"first","9":"instock","10":"shipping-taxable","11":"purchasable","12":"product-type-simple"},"acf":[],"_links":{"self":[{"href":"https:\/\/www.hirtenberg-apotheke.at\/katalog\/wp-json\/wp\/v2\/product\/129687","targetHints":{"allow":["GET"]}}],"collection":[{"href":"https:\/\/www.hirtenberg-apotheke.at\/katalog\/wp-json\/wp\/v2\/product"}],"about":[{"href":"https:\/\/www.hirtenberg-apotheke.at\/katalog\/wp-json\/wp\/v2\/types\/product"}],"wp:attachment":[{"href":"https:\/\/www.hirtenberg-apotheke.at\/katalog\/wp-json\/wp\/v2\/media?parent=129687"}],"wp:term":[{"taxonomy":"product_brand","embeddable":true,"href":"https:\/\/www.hirtenberg-apotheke.at\/katalog\/wp-json\/wp\/v2\/product_brand?post=129687"},{"taxonomy":"product_cat","embeddable":true,"href":"https:\/\/www.hirtenberg-apotheke.at\/katalog\/wp-json\/wp\/v2\/product_cat?post=129687"},{"taxonomy":"product_tag","embeddable":true,"href":"https:\/\/www.hirtenberg-apotheke.at\/katalog\/wp-json\/wp\/v2\/product_tag?post=129687"}],"curies":[{"name":"wp","href":"https:\/\/api.w.org\/{rel}","templated":true}]}}