{"id":129943,"date":"2025-12-04T17:28:01","date_gmt":"2025-12-04T16:28:01","guid":{"rendered":"https:\/\/www.hirtenberg-apotheke.at\/katalog\/produkt\/plantocaps-endlich-abnehmen-kapseln-60-stk\/"},"modified":"2025-12-04T17:28:05","modified_gmt":"2025-12-04T16:28:05","slug":"plantocaps-endlich-abnehmen-kapseln-60-stk","status":"publish","type":"product","link":"https:\/\/www.hirtenberg-apotheke.at\/katalog\/produkt\/plantocaps-endlich-abnehmen-kapseln-60-stk\/","title":{"rendered":"Plantocaps &#8222;Endlich Abnehmen&#8220; Kapseln 60 Stk."},"content":{"rendered":"<p>Die Plantocaps &#8222;Endlich Abnehmen&#8220; Kapseln sind Nahrungserg\u00e4nzungsmittel, die nach aktuellen wissenschaftlichen Ergebnissen entwickelt und unter strengen Qualit\u00e4tsrichtlinien hergestellt wurden. Das Geheimnis der Kapseln ist der enthaltene hochwertige Stoff Glucomannan, der im Rahmen einer kalorienarmen Ern\u00e4hrung zu erfolgreichem Gewichtsverlust beitr\u00e4gt. Sobald der Stoff im Magen mit Fl\u00fcssigkeit in Verbindung kommt, quillt er auf, wodurch ein S\u00e4ttigungseffekt erzielt wird. Zus\u00e4tzlich enthalten die Kapseln hochwertigen Kakaobohnenextrakt, Chlorella und Gisengwurzel. Plantocaps &#8222;Endlich Abnehmen&#8220; Kapseln k\u00f6nnen au\u00dferdem problemlos regelm\u00e4\u00dfig und \u00fcber einen l\u00e4ngeren Zeitraum eingenommen werden.<\/p>\n","protected":false},"excerpt":{"rendered":"<p>Die Plantocaps &#8222;Endlich Abnehmen&#8220; Kapseln sind Nahrungserg\u00e4nzungsmittel, die nach aktuellen wissenschaftlichen Ergebnissen entwickelt und unter strengen Qualit\u00e4tsrichtlinien hergestellt wurden. Das Geheimnis der Kapseln ist der enthaltene hochwertige Stoff Glucomannan, der im Rahmen einer kalorienarmen Ern\u00e4hrung zu erfolgreichem Gewichtsverlust beitr\u00e4gt. Sobald der Stoff im Magen mit Fl\u00fcssigkeit in Verbindung kommt, quillt er auf, wodurch ein S\u00e4ttigungseffekt [&hellip;]<\/p>\n","protected":false},"featured_media":0,"template":"","meta":{"_acf_changed":false},"product_brand":[],"product_cat":[302],"product_tag":[],"class_list":{"0":"post-129943","1":"product","2":"type-product","3":"status-publish","5":"product_cat-p","6":"pa_packungsgroesse-60-stueck","8":"first","9":"instock","10":"shipping-taxable","11":"purchasable","12":"product-type-simple"},"acf":[],"_links":{"self":[{"href":"https:\/\/www.hirtenberg-apotheke.at\/katalog\/wp-json\/wp\/v2\/product\/129943","targetHints":{"allow":["GET"]}}],"collection":[{"href":"https:\/\/www.hirtenberg-apotheke.at\/katalog\/wp-json\/wp\/v2\/product"}],"about":[{"href":"https:\/\/www.hirtenberg-apotheke.at\/katalog\/wp-json\/wp\/v2\/types\/product"}],"wp:attachment":[{"href":"https:\/\/www.hirtenberg-apotheke.at\/katalog\/wp-json\/wp\/v2\/media?parent=129943"}],"wp:term":[{"taxonomy":"product_brand","embeddable":true,"href":"https:\/\/www.hirtenberg-apotheke.at\/katalog\/wp-json\/wp\/v2\/product_brand?post=129943"},{"taxonomy":"product_cat","embeddable":true,"href":"https:\/\/www.hirtenberg-apotheke.at\/katalog\/wp-json\/wp\/v2\/product_cat?post=129943"},{"taxonomy":"product_tag","embeddable":true,"href":"https:\/\/www.hirtenberg-apotheke.at\/katalog\/wp-json\/wp\/v2\/product_tag?post=129943"}],"curies":[{"name":"wp","href":"https:\/\/api.w.org\/{rel}","templated":true}]}}