{"id":12998,"date":"2025-11-25T15:36:28","date_gmt":"2025-11-25T14:36:28","guid":{"rendered":"https:\/\/www.hirtenberg-apotheke.at\/katalog\/produkt\/mucobene-600-mg-loesbare-tabletten-20-stk\/"},"modified":"2025-11-25T15:36:32","modified_gmt":"2025-11-25T14:36:32","slug":"mucobene-600-mg-loesbare-tabletten-20-stk","status":"publish","type":"product","link":"https:\/\/www.hirtenberg-apotheke.at\/katalog\/produkt\/mucobene-600-mg-loesbare-tabletten-20-stk\/","title":{"rendered":"Mucobene 600 mg l\u00f6sbare Tabletten 20 Stk."},"content":{"rendered":"<p>Mucobene 600 mg l\u00f6sbare Tabletten eignen sich als Zusatztherapie zusammen mit reichlich Fl\u00fcssigkeit, zur Schleiml\u00f6sung und zum erleichterten Abhusten bei Atemwegserkrankungen (Lunge und Bronchien).<\/p>\n","protected":false},"excerpt":{"rendered":"<p>Mucobene 600 mg l\u00f6sbare Tabletten eignen sich als Zusatztherapie zusammen mit reichlich Fl\u00fcssigkeit, zur Schleiml\u00f6sung und zum erleichterten Abhusten bei Atemwegserkrankungen (Lunge und Bronchien).<\/p>\n","protected":false},"featured_media":0,"template":"","meta":{"_acf_changed":false},"product_brand":[],"product_cat":[308],"product_tag":[],"class_list":{"0":"post-12998","1":"product","2":"type-product","3":"status-publish","5":"product_cat-m","6":"pa_packungsgroesse-20-stueck","8":"first","9":"instock","10":"shipping-taxable","11":"purchasable","12":"product-type-simple"},"acf":[],"_links":{"self":[{"href":"https:\/\/www.hirtenberg-apotheke.at\/katalog\/wp-json\/wp\/v2\/product\/12998","targetHints":{"allow":["GET"]}}],"collection":[{"href":"https:\/\/www.hirtenberg-apotheke.at\/katalog\/wp-json\/wp\/v2\/product"}],"about":[{"href":"https:\/\/www.hirtenberg-apotheke.at\/katalog\/wp-json\/wp\/v2\/types\/product"}],"wp:attachment":[{"href":"https:\/\/www.hirtenberg-apotheke.at\/katalog\/wp-json\/wp\/v2\/media?parent=12998"}],"wp:term":[{"taxonomy":"product_brand","embeddable":true,"href":"https:\/\/www.hirtenberg-apotheke.at\/katalog\/wp-json\/wp\/v2\/product_brand?post=12998"},{"taxonomy":"product_cat","embeddable":true,"href":"https:\/\/www.hirtenberg-apotheke.at\/katalog\/wp-json\/wp\/v2\/product_cat?post=12998"},{"taxonomy":"product_tag","embeddable":true,"href":"https:\/\/www.hirtenberg-apotheke.at\/katalog\/wp-json\/wp\/v2\/product_tag?post=12998"}],"curies":[{"name":"wp","href":"https:\/\/api.w.org\/{rel}","templated":true}]}}