{"id":129982,"date":"2025-12-04T17:28:46","date_gmt":"2025-12-04T16:28:46","guid":{"rendered":"https:\/\/www.hirtenberg-apotheke.at\/katalog\/produkt\/profertil-inositol-30-stk\/"},"modified":"2025-12-04T17:28:50","modified_gmt":"2025-12-04T16:28:50","slug":"profertil-inositol-30-stk","status":"publish","type":"product","link":"https:\/\/www.hirtenberg-apotheke.at\/katalog\/produkt\/profertil-inositol-30-stk\/","title":{"rendered":"Profertil Inositol 30 Stk."},"content":{"rendered":"<p><strong>Profertil Inositol dient der Unterst\u00fctzung der Frau mit PCOS und Kinderwunsch &#8211; Besonders einfach einzunehmen!<\/strong><\/p>\n<p>&#13;<\/p>\n<p>Es ist das erste \u201eInositol-Produkt\u201c in \u00d6sterreich, das unterwegs ohne Wasser eingenommen werden kann und nach Waldbeeren schmeckt. Bisher mussten die g\u00e4ngigen Pr\u00e4parate erst in Form eines Sachets in Wasser aufgel\u00f6st werden. Das ist kompliziert und man kann schnell auf die Einnahme vergessen.<\/p>\n<p>&#13;<\/p>\n<p>PROFERTIL\u00ae Inositol wurde basierend auf umfangreichen Studiendaten entwickelt, um die Frau mit PCOS und Kinderwunsch optimal zu unterst\u00fctzen.<\/p>\n","protected":false},"excerpt":{"rendered":"<p>Profertil Inositol dient der Unterst\u00fctzung der Frau mit PCOS und Kinderwunsch &#8211; Besonders einfach einzunehmen! &#13; Es ist das erste \u201eInositol-Produkt\u201c in \u00d6sterreich, das unterwegs ohne Wasser eingenommen werden kann und nach Waldbeeren schmeckt. Bisher mussten die g\u00e4ngigen Pr\u00e4parate erst in Form eines Sachets in Wasser aufgel\u00f6st werden. Das ist kompliziert und man kann schnell [&hellip;]<\/p>\n","protected":false},"featured_media":0,"template":"","meta":{"_acf_changed":false},"product_brand":[],"product_cat":[302],"product_tag":[],"class_list":{"0":"post-129982","1":"product","2":"type-product","3":"status-publish","5":"product_cat-p","6":"pa_packungsgroesse-30-stueck","8":"first","9":"instock","10":"shipping-taxable","11":"purchasable","12":"product-type-simple"},"acf":[],"_links":{"self":[{"href":"https:\/\/www.hirtenberg-apotheke.at\/katalog\/wp-json\/wp\/v2\/product\/129982","targetHints":{"allow":["GET"]}}],"collection":[{"href":"https:\/\/www.hirtenberg-apotheke.at\/katalog\/wp-json\/wp\/v2\/product"}],"about":[{"href":"https:\/\/www.hirtenberg-apotheke.at\/katalog\/wp-json\/wp\/v2\/types\/product"}],"wp:attachment":[{"href":"https:\/\/www.hirtenberg-apotheke.at\/katalog\/wp-json\/wp\/v2\/media?parent=129982"}],"wp:term":[{"taxonomy":"product_brand","embeddable":true,"href":"https:\/\/www.hirtenberg-apotheke.at\/katalog\/wp-json\/wp\/v2\/product_brand?post=129982"},{"taxonomy":"product_cat","embeddable":true,"href":"https:\/\/www.hirtenberg-apotheke.at\/katalog\/wp-json\/wp\/v2\/product_cat?post=129982"},{"taxonomy":"product_tag","embeddable":true,"href":"https:\/\/www.hirtenberg-apotheke.at\/katalog\/wp-json\/wp\/v2\/product_tag?post=129982"}],"curies":[{"name":"wp","href":"https:\/\/api.w.org\/{rel}","templated":true}]}}