{"id":130109,"date":"2025-12-04T17:31:07","date_gmt":"2025-12-04T16:31:07","guid":{"rendered":"https:\/\/www.hirtenberg-apotheke.at\/katalog\/produkt\/st-severin-rosskastanienblueten-tropfen\/"},"modified":"2025-12-04T17:31:18","modified_gmt":"2025-12-04T16:31:18","slug":"st-severin-rosskastanienblueten-tropfen","status":"publish","type":"product","link":"https:\/\/www.hirtenberg-apotheke.at\/katalog\/produkt\/st-severin-rosskastanienblueten-tropfen\/","title":{"rendered":"St. Severin Rosskastanienbl\u00fcten Tropfen"},"content":{"rendered":"<p>Zu den wichtigsten Inhaltsstoffen der Rosskastanie geh\u00f6ren Triterpenglykoside, Flavonoide, Cumarine und fette \u00d6le. Das Triterpensaponin Aescin ist besonders f\u00fcr die venenst\u00e4rkenden Eigenschaften verantwortlich. Beschwerden wie schwere Beine, Schwellungen und daraus resultierende Schmerzen in den Beinen sind typische Anzeichen f\u00fcr eine Veneninsuffizienz. Aufgrund des adstringierenden Effekts haben sich die Rosskastaniensamen auch bei Durchfall bew\u00e4hrt.<\/p>\n<p>Zusammensetzung: Es werden ausschlie\u00dflich hochqualitative Rohstoffe verwendet. Der Auszug wird nach Vorgaben des Arzneibuches im Verh\u00e4ltnis 1:5 hergestellt. Alkoholgehalt:66 % vol<\/p>\n","protected":false},"excerpt":{"rendered":"<p>Zu den wichtigsten Inhaltsstoffen der Rosskastanie geh\u00f6ren Triterpenglykoside, Flavonoide, Cumarine und fette \u00d6le. Das Triterpensaponin Aescin ist besonders f\u00fcr die venenst\u00e4rkenden Eigenschaften verantwortlich. Beschwerden wie schwere Beine, Schwellungen und daraus resultierende Schmerzen in den Beinen sind typische Anzeichen f\u00fcr eine Veneninsuffizienz. Aufgrund des adstringierenden Effekts haben sich die Rosskastaniensamen auch bei Durchfall bew\u00e4hrt. Zusammensetzung: Es [&hellip;]<\/p>\n","protected":false},"featured_media":130111,"template":"","meta":{"_acf_changed":false},"product_brand":[411],"product_cat":[303],"product_tag":[],"class_list":{"0":"post-130109","1":"product","2":"type-product","3":"status-publish","4":"has-post-thumbnail","6":"product_brand-st-severin","7":"product_cat-s","8":"pa_packungsgroesse-50ml","10":"first","11":"instock","12":"shipping-taxable","13":"purchasable","14":"product-type-simple"},"acf":[],"_links":{"self":[{"href":"https:\/\/www.hirtenberg-apotheke.at\/katalog\/wp-json\/wp\/v2\/product\/130109","targetHints":{"allow":["GET"]}}],"collection":[{"href":"https:\/\/www.hirtenberg-apotheke.at\/katalog\/wp-json\/wp\/v2\/product"}],"about":[{"href":"https:\/\/www.hirtenberg-apotheke.at\/katalog\/wp-json\/wp\/v2\/types\/product"}],"wp:featuredmedia":[{"embeddable":true,"href":"https:\/\/www.hirtenberg-apotheke.at\/katalog\/wp-json\/wp\/v2\/media\/130111"}],"wp:attachment":[{"href":"https:\/\/www.hirtenberg-apotheke.at\/katalog\/wp-json\/wp\/v2\/media?parent=130109"}],"wp:term":[{"taxonomy":"product_brand","embeddable":true,"href":"https:\/\/www.hirtenberg-apotheke.at\/katalog\/wp-json\/wp\/v2\/product_brand?post=130109"},{"taxonomy":"product_cat","embeddable":true,"href":"https:\/\/www.hirtenberg-apotheke.at\/katalog\/wp-json\/wp\/v2\/product_cat?post=130109"},{"taxonomy":"product_tag","embeddable":true,"href":"https:\/\/www.hirtenberg-apotheke.at\/katalog\/wp-json\/wp\/v2\/product_tag?post=130109"}],"curies":[{"name":"wp","href":"https:\/\/api.w.org\/{rel}","templated":true}]}}