{"id":130232,"date":"2025-12-04T17:33:14","date_gmt":"2025-12-04T16:33:14","guid":{"rendered":"https:\/\/www.hirtenberg-apotheke.at\/katalog\/produkt\/seewald-vitamin-c-ester-60-stk\/"},"modified":"2025-12-04T17:33:16","modified_gmt":"2025-12-04T16:33:16","slug":"seewald-vitamin-c-ester-60-stk","status":"publish","type":"product","link":"https:\/\/www.hirtenberg-apotheke.at\/katalog\/produkt\/seewald-vitamin-c-ester-60-stk\/","title":{"rendered":"Seewald Vitamin C Ester 60 Stk."},"content":{"rendered":"<p>Vitamin C Ester mit sekund\u00e4ren Pflanzenstoffen sowie Vitamin C als Beitrag zur normalen Funktion des Immunsystems und zur normalen Kollagenbildung f\u00fcr eine normale Funktion von Haut, Knochen, Knorpeln und Blutgef\u00e4\u00dfen.<\/p>\n","protected":false},"excerpt":{"rendered":"<p>Vitamin C Ester mit sekund\u00e4ren Pflanzenstoffen sowie Vitamin C als Beitrag zur normalen Funktion des Immunsystems und zur normalen Kollagenbildung f\u00fcr eine normale Funktion von Haut, Knochen, Knorpeln und Blutgef\u00e4\u00dfen.<\/p>\n","protected":false},"featured_media":0,"template":"","meta":{"_acf_changed":false},"product_brand":[],"product_cat":[303],"product_tag":[],"class_list":{"0":"post-130232","1":"product","2":"type-product","3":"status-publish","5":"product_cat-s","6":"pa_packungsgroesse-60-stueck","8":"first","9":"instock","10":"shipping-taxable","11":"purchasable","12":"product-type-simple"},"acf":[],"_links":{"self":[{"href":"https:\/\/www.hirtenberg-apotheke.at\/katalog\/wp-json\/wp\/v2\/product\/130232","targetHints":{"allow":["GET"]}}],"collection":[{"href":"https:\/\/www.hirtenberg-apotheke.at\/katalog\/wp-json\/wp\/v2\/product"}],"about":[{"href":"https:\/\/www.hirtenberg-apotheke.at\/katalog\/wp-json\/wp\/v2\/types\/product"}],"wp:attachment":[{"href":"https:\/\/www.hirtenberg-apotheke.at\/katalog\/wp-json\/wp\/v2\/media?parent=130232"}],"wp:term":[{"taxonomy":"product_brand","embeddable":true,"href":"https:\/\/www.hirtenberg-apotheke.at\/katalog\/wp-json\/wp\/v2\/product_brand?post=130232"},{"taxonomy":"product_cat","embeddable":true,"href":"https:\/\/www.hirtenberg-apotheke.at\/katalog\/wp-json\/wp\/v2\/product_cat?post=130232"},{"taxonomy":"product_tag","embeddable":true,"href":"https:\/\/www.hirtenberg-apotheke.at\/katalog\/wp-json\/wp\/v2\/product_tag?post=130232"}],"curies":[{"name":"wp","href":"https:\/\/api.w.org\/{rel}","templated":true}]}}