{"id":13073,"date":"2025-11-25T15:37:04","date_gmt":"2025-11-25T14:37:04","guid":{"rendered":"https:\/\/www.hirtenberg-apotheke.at\/katalog\/produkt\/bronchostop-kinderhustensaft\/"},"modified":"2025-11-25T15:37:10","modified_gmt":"2025-11-25T14:37:10","slug":"bronchostop-kinderhustensaft","status":"publish","type":"product","link":"https:\/\/www.hirtenberg-apotheke.at\/katalog\/produkt\/bronchostop-kinderhustensaft\/","title":{"rendered":"Bronchostop Kinderhustensaft"},"content":{"rendered":"<p>Bronchostop Kinderhustensaft 120 ml dient zur raschen und zuverl\u00e4ssigen Anwendung bei jedem erk\u00e4ltungsbedingtem Husten, insbesondere Reizhusten, sowie bei Heiserkeit, Kratzen im Hals und R\u00e4usperzwang f\u00fcr Kinder ab 1 Jahr.<\/p>\n","protected":false},"excerpt":{"rendered":"<p>Bronchostop Kinderhustensaft 120 ml dient zur raschen und zuverl\u00e4ssigen Anwendung bei jedem erk\u00e4ltungsbedingtem Husten, insbesondere Reizhusten, sowie bei Heiserkeit, Kratzen im Hals und R\u00e4usperzwang f\u00fcr Kinder ab 1 Jahr.<\/p>\n","protected":false},"featured_media":0,"template":"","meta":{"_acf_changed":false},"product_brand":[541],"product_cat":[292],"product_tag":[],"class_list":{"0":"post-13073","1":"product","2":"type-product","3":"status-publish","5":"product_brand-bronchostop","6":"product_cat-b","7":"pa_packungsgroesse-120ml","9":"first","10":"instock","11":"shipping-taxable","12":"purchasable","13":"product-type-simple"},"acf":[],"_links":{"self":[{"href":"https:\/\/www.hirtenberg-apotheke.at\/katalog\/wp-json\/wp\/v2\/product\/13073","targetHints":{"allow":["GET"]}}],"collection":[{"href":"https:\/\/www.hirtenberg-apotheke.at\/katalog\/wp-json\/wp\/v2\/product"}],"about":[{"href":"https:\/\/www.hirtenberg-apotheke.at\/katalog\/wp-json\/wp\/v2\/types\/product"}],"wp:attachment":[{"href":"https:\/\/www.hirtenberg-apotheke.at\/katalog\/wp-json\/wp\/v2\/media?parent=13073"}],"wp:term":[{"taxonomy":"product_brand","embeddable":true,"href":"https:\/\/www.hirtenberg-apotheke.at\/katalog\/wp-json\/wp\/v2\/product_brand?post=13073"},{"taxonomy":"product_cat","embeddable":true,"href":"https:\/\/www.hirtenberg-apotheke.at\/katalog\/wp-json\/wp\/v2\/product_cat?post=13073"},{"taxonomy":"product_tag","embeddable":true,"href":"https:\/\/www.hirtenberg-apotheke.at\/katalog\/wp-json\/wp\/v2\/product_tag?post=13073"}],"curies":[{"name":"wp","href":"https:\/\/api.w.org\/{rel}","templated":true}]}}