{"id":13089,"date":"2025-11-25T15:37:04","date_gmt":"2025-11-25T14:37:04","guid":{"rendered":"https:\/\/www.hirtenberg-apotheke.at\/katalog\/produkt\/wick-vapopad-7-stk\/"},"modified":"2025-11-25T15:37:22","modified_gmt":"2025-11-25T14:37:22","slug":"wick-vapopad-7-stk","status":"publish","type":"product","link":"https:\/\/www.hirtenberg-apotheke.at\/katalog\/produkt\/wick-vapopad-7-stk\/","title":{"rendered":"WICK Vapopad 7 Stk."},"content":{"rendered":"<p>Wick Vapopads sind Nachf\u00fcll-Pads f\u00fcr alle wasserlosen Wick Zerst\u00e4uber und Wick Luftbefeuchter mit Duft-Pads.<\/p>\n","protected":false},"excerpt":{"rendered":"<p>Wick Vapopads sind Nachf\u00fcll-Pads f\u00fcr alle wasserlosen Wick Zerst\u00e4uber und Wick Luftbefeuchter mit Duft-Pads.<\/p>\n","protected":false},"featured_media":0,"template":"","meta":{"_acf_changed":false},"product_brand":[503],"product_cat":[368],"product_tag":[],"class_list":{"0":"post-13089","1":"product","2":"type-product","3":"status-publish","5":"product_brand-wick","6":"product_cat-w","7":"pa_packungsgroesse-7-stueck","9":"first","10":"instock","11":"shipping-taxable","12":"purchasable","13":"product-type-simple"},"acf":[],"_links":{"self":[{"href":"https:\/\/www.hirtenberg-apotheke.at\/katalog\/wp-json\/wp\/v2\/product\/13089","targetHints":{"allow":["GET"]}}],"collection":[{"href":"https:\/\/www.hirtenberg-apotheke.at\/katalog\/wp-json\/wp\/v2\/product"}],"about":[{"href":"https:\/\/www.hirtenberg-apotheke.at\/katalog\/wp-json\/wp\/v2\/types\/product"}],"wp:attachment":[{"href":"https:\/\/www.hirtenberg-apotheke.at\/katalog\/wp-json\/wp\/v2\/media?parent=13089"}],"wp:term":[{"taxonomy":"product_brand","embeddable":true,"href":"https:\/\/www.hirtenberg-apotheke.at\/katalog\/wp-json\/wp\/v2\/product_brand?post=13089"},{"taxonomy":"product_cat","embeddable":true,"href":"https:\/\/www.hirtenberg-apotheke.at\/katalog\/wp-json\/wp\/v2\/product_cat?post=13089"},{"taxonomy":"product_tag","embeddable":true,"href":"https:\/\/www.hirtenberg-apotheke.at\/katalog\/wp-json\/wp\/v2\/product_tag?post=13089"}],"curies":[{"name":"wp","href":"https:\/\/api.w.org\/{rel}","templated":true}]}}