{"id":13091,"date":"2025-11-25T15:37:04","date_gmt":"2025-11-25T14:37:04","guid":{"rendered":"https:\/\/www.hirtenberg-apotheke.at\/katalog\/produkt\/tacholiquin-loesung-1-20-ml\/"},"modified":"2025-11-25T15:37:24","modified_gmt":"2025-11-25T14:37:24","slug":"tacholiquin-loesung-1-20-ml","status":"publish","type":"product","link":"https:\/\/www.hirtenberg-apotheke.at\/katalog\/produkt\/tacholiquin-loesung-1-20-ml\/","title":{"rendered":"Tacholiquin L\u00f6sung 1% 20 ml"},"content":{"rendered":"<p>Tacholiquin L\u00f6sung 1% ist ein schleiml\u00f6sendes Pr\u00e4parat (Mukolytikum), das seit mehr als 40 Jahren erfolgreich eingesetzt wird. Es eignet sich in der Therapie f\u00fcr alle Altersgruppen. Fr\u00fchgeborene, S\u00e4uglinge, Kleinkinder und auch Erwachsene profitieren von diesem Pr\u00e4parat, das rein physikalisch wirkt ohne die physiologischen Verh\u00e4ltnisse an der Schleimhaut zu beeintr\u00e4chtigen.<\/p>\n","protected":false},"excerpt":{"rendered":"<p>Tacholiquin L\u00f6sung 1% ist ein schleiml\u00f6sendes Pr\u00e4parat (Mukolytikum), das seit mehr als 40 Jahren erfolgreich eingesetzt wird. Es eignet sich in der Therapie f\u00fcr alle Altersgruppen. Fr\u00fchgeborene, S\u00e4uglinge, Kleinkinder und auch Erwachsene profitieren von diesem Pr\u00e4parat, das rein physikalisch wirkt ohne die physiologischen Verh\u00e4ltnisse an der Schleimhaut zu beeintr\u00e4chtigen.<\/p>\n","protected":false},"featured_media":13093,"template":"","meta":{"_acf_changed":false},"product_brand":[],"product_cat":[319],"product_tag":[],"class_list":{"0":"post-13091","1":"product","2":"type-product","3":"status-publish","4":"has-post-thumbnail","6":"product_cat-t","7":"pa_packungsgroesse-20ml","9":"first","10":"instock","11":"shipping-taxable","12":"purchasable","13":"product-type-simple"},"acf":[],"_links":{"self":[{"href":"https:\/\/www.hirtenberg-apotheke.at\/katalog\/wp-json\/wp\/v2\/product\/13091","targetHints":{"allow":["GET"]}}],"collection":[{"href":"https:\/\/www.hirtenberg-apotheke.at\/katalog\/wp-json\/wp\/v2\/product"}],"about":[{"href":"https:\/\/www.hirtenberg-apotheke.at\/katalog\/wp-json\/wp\/v2\/types\/product"}],"wp:featuredmedia":[{"embeddable":true,"href":"https:\/\/www.hirtenberg-apotheke.at\/katalog\/wp-json\/wp\/v2\/media\/13093"}],"wp:attachment":[{"href":"https:\/\/www.hirtenberg-apotheke.at\/katalog\/wp-json\/wp\/v2\/media?parent=13091"}],"wp:term":[{"taxonomy":"product_brand","embeddable":true,"href":"https:\/\/www.hirtenberg-apotheke.at\/katalog\/wp-json\/wp\/v2\/product_brand?post=13091"},{"taxonomy":"product_cat","embeddable":true,"href":"https:\/\/www.hirtenberg-apotheke.at\/katalog\/wp-json\/wp\/v2\/product_cat?post=13091"},{"taxonomy":"product_tag","embeddable":true,"href":"https:\/\/www.hirtenberg-apotheke.at\/katalog\/wp-json\/wp\/v2\/product_tag?post=13091"}],"curies":[{"name":"wp","href":"https:\/\/api.w.org\/{rel}","templated":true}]}}