{"id":131124,"date":"2025-12-04T19:00:57","date_gmt":"2025-12-04T18:00:57","guid":{"rendered":"https:\/\/www.hirtenberg-apotheke.at\/katalog\/produkt\/oekopharm-stress-toleranz-kapseln\/"},"modified":"2025-12-04T19:01:24","modified_gmt":"2025-12-04T18:01:24","slug":"oekopharm-stress-toleranz-kapseln","status":"publish","type":"product","link":"https:\/\/www.hirtenberg-apotheke.at\/katalog\/produkt\/oekopharm-stress-toleranz-kapseln\/","title":{"rendered":"\u00d6kopharm Stress-Toleranz Kapseln"},"content":{"rendered":"<p>\u00d6kopharm44 Antistress Wirkkomplex 120 Stk Kapseln sind durchdacht zusammengesetzt mit 1Vitamin B6, B12, Niacin und Pantothens\u00e4ure zur Verringerung von M\u00fcdigkeit und Ersch\u00f6pfung und wertvollen 3Extrakten aus Ginkgo, Ginseng, Rhodiola und Shizandra zur Unterst\u00fctzung in Stress-Situationen und f\u00fcr ein gutes Gleichgewicht der Nerven &#8211; jetzt dauerhaft stark preisgesenkt in Ihrer Servus!Apotheke!<\/p>\n","protected":false},"excerpt":{"rendered":"<p>\u00d6kopharm44 Antistress Wirkkomplex 120 Stk Kapseln sind durchdacht zusammengesetzt mit 1Vitamin B6, B12, Niacin und Pantothens\u00e4ure zur Verringerung von M\u00fcdigkeit und Ersch\u00f6pfung und wertvollen 3Extrakten aus Ginkgo, Ginseng, Rhodiola und Shizandra zur Unterst\u00fctzung in Stress-Situationen und f\u00fcr ein gutes Gleichgewicht der Nerven &#8211; jetzt dauerhaft stark preisgesenkt in Ihrer Servus!Apotheke!<\/p>\n","protected":false},"featured_media":131126,"template":"","meta":{"_acf_changed":false},"product_brand":[342],"product_cat":[299],"product_tag":[],"class_list":{"0":"post-131124","1":"product","2":"type-product","3":"status-publish","4":"has-post-thumbnail","6":"product_brand-oekopharm","7":"product_cat-a","8":"pa_packungsgroesse-60-stueck","10":"first","11":"instock","12":"shipping-taxable","13":"purchasable","14":"product-type-simple"},"acf":[],"_links":{"self":[{"href":"https:\/\/www.hirtenberg-apotheke.at\/katalog\/wp-json\/wp\/v2\/product\/131124","targetHints":{"allow":["GET"]}}],"collection":[{"href":"https:\/\/www.hirtenberg-apotheke.at\/katalog\/wp-json\/wp\/v2\/product"}],"about":[{"href":"https:\/\/www.hirtenberg-apotheke.at\/katalog\/wp-json\/wp\/v2\/types\/product"}],"wp:featuredmedia":[{"embeddable":true,"href":"https:\/\/www.hirtenberg-apotheke.at\/katalog\/wp-json\/wp\/v2\/media\/131126"}],"wp:attachment":[{"href":"https:\/\/www.hirtenberg-apotheke.at\/katalog\/wp-json\/wp\/v2\/media?parent=131124"}],"wp:term":[{"taxonomy":"product_brand","embeddable":true,"href":"https:\/\/www.hirtenberg-apotheke.at\/katalog\/wp-json\/wp\/v2\/product_brand?post=131124"},{"taxonomy":"product_cat","embeddable":true,"href":"https:\/\/www.hirtenberg-apotheke.at\/katalog\/wp-json\/wp\/v2\/product_cat?post=131124"},{"taxonomy":"product_tag","embeddable":true,"href":"https:\/\/www.hirtenberg-apotheke.at\/katalog\/wp-json\/wp\/v2\/product_tag?post=131124"}],"curies":[{"name":"wp","href":"https:\/\/api.w.org\/{rel}","templated":true}]}}