{"id":13123,"date":"2025-11-25T15:37:26","date_gmt":"2025-11-25T14:37:26","guid":{"rendered":"https:\/\/www.hirtenberg-apotheke.at\/katalog\/produkt\/tussimont-kraeuterbalsam-50-g\/"},"modified":"2025-11-25T15:37:42","modified_gmt":"2025-11-25T14:37:42","slug":"tussimont-kraeuterbalsam-50-g","status":"publish","type":"product","link":"https:\/\/www.hirtenberg-apotheke.at\/katalog\/produkt\/tussimont-kraeuterbalsam-50-g\/","title":{"rendered":"Tussimont Kr\u00e4uterbalsam 50 g"},"content":{"rendered":"<p>Auf der Haut aufgetragen wirkt Tussimont Kr\u00e4uterbalsam angenehm w\u00e4rmend und durchblutungsf\u00f6rdernd. Gleichzeitig werden durch die K\u00f6rperw\u00e4rme die Inhaltsstoffe als aromatische D\u00e4mpfe frei und wirken durch das Einatmen wohltuend f\u00fcr Hals, Rachen und Brust. Sowohl vor als auch nach k\u00f6rperlicher Anstrengung und sportlicher Bet\u00e4tigung auf die betroffenen Stellen aufgetragen, wirkt Tussimont Kr\u00e4uterbalsam muskelentspannend<\/p>\n","protected":false},"excerpt":{"rendered":"<p>Auf der Haut aufgetragen wirkt Tussimont Kr\u00e4uterbalsam angenehm w\u00e4rmend und durchblutungsf\u00f6rdernd. Gleichzeitig werden durch die K\u00f6rperw\u00e4rme die Inhaltsstoffe als aromatische D\u00e4mpfe frei und wirken durch das Einatmen wohltuend f\u00fcr Hals, Rachen und Brust. Sowohl vor als auch nach k\u00f6rperlicher Anstrengung und sportlicher Bet\u00e4tigung auf die betroffenen Stellen aufgetragen, wirkt Tussimont Kr\u00e4uterbalsam muskelentspannend<\/p>\n","protected":false},"featured_media":13125,"template":"","meta":{"_acf_changed":false},"product_brand":[],"product_cat":[319],"product_tag":[],"class_list":{"0":"post-13123","1":"product","2":"type-product","3":"status-publish","4":"has-post-thumbnail","6":"product_cat-t","7":"pa_packungsgroesse-50g","9":"first","10":"instock","11":"shipping-taxable","12":"purchasable","13":"product-type-simple"},"acf":[],"_links":{"self":[{"href":"https:\/\/www.hirtenberg-apotheke.at\/katalog\/wp-json\/wp\/v2\/product\/13123","targetHints":{"allow":["GET"]}}],"collection":[{"href":"https:\/\/www.hirtenberg-apotheke.at\/katalog\/wp-json\/wp\/v2\/product"}],"about":[{"href":"https:\/\/www.hirtenberg-apotheke.at\/katalog\/wp-json\/wp\/v2\/types\/product"}],"wp:featuredmedia":[{"embeddable":true,"href":"https:\/\/www.hirtenberg-apotheke.at\/katalog\/wp-json\/wp\/v2\/media\/13125"}],"wp:attachment":[{"href":"https:\/\/www.hirtenberg-apotheke.at\/katalog\/wp-json\/wp\/v2\/media?parent=13123"}],"wp:term":[{"taxonomy":"product_brand","embeddable":true,"href":"https:\/\/www.hirtenberg-apotheke.at\/katalog\/wp-json\/wp\/v2\/product_brand?post=13123"},{"taxonomy":"product_cat","embeddable":true,"href":"https:\/\/www.hirtenberg-apotheke.at\/katalog\/wp-json\/wp\/v2\/product_cat?post=13123"},{"taxonomy":"product_tag","embeddable":true,"href":"https:\/\/www.hirtenberg-apotheke.at\/katalog\/wp-json\/wp\/v2\/product_tag?post=13123"}],"curies":[{"name":"wp","href":"https:\/\/api.w.org\/{rel}","templated":true}]}}