{"id":13134,"date":"2025-11-25T15:37:26","date_gmt":"2025-11-25T14:37:26","guid":{"rendered":"https:\/\/www.hirtenberg-apotheke.at\/katalog\/produkt\/casida-thymianbalsam-mit-myrte-fuer-kinder-befreit-die-nase\/"},"modified":"2025-11-25T15:37:47","modified_gmt":"2025-11-25T14:37:47","slug":"casida-thymianbalsam-mit-myrte-fuer-kinder-befreit-die-nase","status":"publish","type":"product","link":"https:\/\/www.hirtenberg-apotheke.at\/katalog\/produkt\/casida-thymianbalsam-mit-myrte-fuer-kinder-befreit-die-nase\/","title":{"rendered":"Casida THYMIANBALSAM mit Myrte f\u00fcr Kinder befreit die Nase"},"content":{"rendered":"<p>Casida Thymianbalsam mit Myrte f\u00fcr Kinder mit ausgew\u00e4hlten \u00e4therischen \u00d6len aus biologischem Anbau \u2013 dient zur Entspannung und Verbesserung des Wohlbefindens. Sanft und mild auf der Haut.<\/p>\n","protected":false},"excerpt":{"rendered":"<p>Casida Thymianbalsam mit Myrte f\u00fcr Kinder mit ausgew\u00e4hlten \u00e4therischen \u00d6len aus biologischem Anbau \u2013 dient zur Entspannung und Verbesserung des Wohlbefindens. Sanft und mild auf der Haut.<\/p>\n","protected":false},"featured_media":13136,"template":"","meta":{"_acf_changed":false},"product_brand":[],"product_cat":[337],"product_tag":[],"class_list":{"0":"post-13134","1":"product","2":"type-product","3":"status-publish","4":"has-post-thumbnail","6":"product_cat-c","7":"pa_packungsgroesse-25g","9":"first","10":"instock","11":"shipping-taxable","12":"purchasable","13":"product-type-simple"},"acf":[],"_links":{"self":[{"href":"https:\/\/www.hirtenberg-apotheke.at\/katalog\/wp-json\/wp\/v2\/product\/13134","targetHints":{"allow":["GET"]}}],"collection":[{"href":"https:\/\/www.hirtenberg-apotheke.at\/katalog\/wp-json\/wp\/v2\/product"}],"about":[{"href":"https:\/\/www.hirtenberg-apotheke.at\/katalog\/wp-json\/wp\/v2\/types\/product"}],"wp:featuredmedia":[{"embeddable":true,"href":"https:\/\/www.hirtenberg-apotheke.at\/katalog\/wp-json\/wp\/v2\/media\/13136"}],"wp:attachment":[{"href":"https:\/\/www.hirtenberg-apotheke.at\/katalog\/wp-json\/wp\/v2\/media?parent=13134"}],"wp:term":[{"taxonomy":"product_brand","embeddable":true,"href":"https:\/\/www.hirtenberg-apotheke.at\/katalog\/wp-json\/wp\/v2\/product_brand?post=13134"},{"taxonomy":"product_cat","embeddable":true,"href":"https:\/\/www.hirtenberg-apotheke.at\/katalog\/wp-json\/wp\/v2\/product_cat?post=13134"},{"taxonomy":"product_tag","embeddable":true,"href":"https:\/\/www.hirtenberg-apotheke.at\/katalog\/wp-json\/wp\/v2\/product_tag?post=13134"}],"curies":[{"name":"wp","href":"https:\/\/api.w.org\/{rel}","templated":true}]}}