{"id":131493,"date":"2025-12-04T19:08:04","date_gmt":"2025-12-04T18:08:04","guid":{"rendered":"https:\/\/www.hirtenberg-apotheke.at\/katalog\/produkt\/equazen-jelly-kaugelees-30-stk\/"},"modified":"2025-12-04T19:08:29","modified_gmt":"2025-12-04T18:08:29","slug":"equazen-jelly-kaugelees-30-stk","status":"publish","type":"product","link":"https:\/\/www.hirtenberg-apotheke.at\/katalog\/produkt\/equazen-jelly-kaugelees-30-stk\/","title":{"rendered":"Equazen Jelly Kaugelees 30 Stk."},"content":{"rendered":"<p><strong>Equazen\u00ae\u00a0 Jelly ist ein Nahrungserg\u00e4nzungsmittel mit Omega-3-Fetts\u00e4uren (EPA und DHA) und Omega-6-Fetts\u00e4ure (GLA). Die Zusammensetzung beruht auf der einzigartigen Formulierung 9 EPA : 3 DHA : 1 GLA. Mit leckerem, fruchtigem Aroma.<\/strong><\/p>\n<p>&#13;<\/p>\n<p>Beginnt Ihr Kind, Neugier zu entwickeln? Anstatt einfach alles k\u00f6rperlich zu erforschen, fragt es sich jetzt, warum die Dinge so sind, wie sie sind. In dieser Lebensphase ist es wichtig, dem Gehirn den \u201eTreibstoff\u201c zu geben, den es zur Entwicklung ben\u00f6tigt. Mit der neuen Darreichungsform als Kaugelees mit dem beliebten Fruchtgeschmack, sind die Equazen\u00ae Jelly beliebt bei Gross und Klein.<\/p>\n","protected":false},"excerpt":{"rendered":"<p>Equazen\u00ae\u00a0 Jelly ist ein Nahrungserg\u00e4nzungsmittel mit Omega-3-Fetts\u00e4uren (EPA und DHA) und Omega-6-Fetts\u00e4ure (GLA). Die Zusammensetzung beruht auf der einzigartigen Formulierung 9 EPA : 3 DHA : 1 GLA. Mit leckerem, fruchtigem Aroma. &#13; Beginnt Ihr Kind, Neugier zu entwickeln? Anstatt einfach alles k\u00f6rperlich zu erforschen, fragt es sich jetzt, warum die Dinge so sind, wie [&hellip;]<\/p>\n","protected":false},"featured_media":131495,"template":"","meta":{"_acf_changed":false},"product_brand":[],"product_cat":[307],"product_tag":[],"class_list":{"0":"post-131493","1":"product","2":"type-product","3":"status-publish","4":"has-post-thumbnail","6":"product_cat-e","7":"pa_packungsgroesse-30-stueck","9":"first","10":"instock","11":"shipping-taxable","12":"purchasable","13":"product-type-simple"},"acf":[],"_links":{"self":[{"href":"https:\/\/www.hirtenberg-apotheke.at\/katalog\/wp-json\/wp\/v2\/product\/131493","targetHints":{"allow":["GET"]}}],"collection":[{"href":"https:\/\/www.hirtenberg-apotheke.at\/katalog\/wp-json\/wp\/v2\/product"}],"about":[{"href":"https:\/\/www.hirtenberg-apotheke.at\/katalog\/wp-json\/wp\/v2\/types\/product"}],"wp:featuredmedia":[{"embeddable":true,"href":"https:\/\/www.hirtenberg-apotheke.at\/katalog\/wp-json\/wp\/v2\/media\/131495"}],"wp:attachment":[{"href":"https:\/\/www.hirtenberg-apotheke.at\/katalog\/wp-json\/wp\/v2\/media?parent=131493"}],"wp:term":[{"taxonomy":"product_brand","embeddable":true,"href":"https:\/\/www.hirtenberg-apotheke.at\/katalog\/wp-json\/wp\/v2\/product_brand?post=131493"},{"taxonomy":"product_cat","embeddable":true,"href":"https:\/\/www.hirtenberg-apotheke.at\/katalog\/wp-json\/wp\/v2\/product_cat?post=131493"},{"taxonomy":"product_tag","embeddable":true,"href":"https:\/\/www.hirtenberg-apotheke.at\/katalog\/wp-json\/wp\/v2\/product_tag?post=131493"}],"curies":[{"name":"wp","href":"https:\/\/api.w.org\/{rel}","templated":true}]}}