{"id":131539,"date":"2025-12-04T19:09:05","date_gmt":"2025-12-04T18:09:05","guid":{"rendered":"https:\/\/www.hirtenberg-apotheke.at\/katalog\/produkt\/restaxil-magnesium-kapseln-60-stk\/"},"modified":"2025-12-04T19:09:08","modified_gmt":"2025-12-04T18:09:08","slug":"restaxil-magnesium-kapseln-60-stk","status":"publish","type":"product","link":"https:\/\/www.hirtenberg-apotheke.at\/katalog\/produkt\/restaxil-magnesium-kapseln-60-stk\/","title":{"rendered":"Restaxil Magnesium Kapseln 60 Stk."},"content":{"rendered":"<p>Magnesiummangel ist eine\u00a0Volkskrankheit und kann unser Nervensystem massiv irritieren. Vom\u00a0Nervenspezialisten Restaxil\u00ae gibt es daher jetzt ein spezielles Magnesiumprodukt\u00a0f\u00fcr die Nerven.<\/p>\n<p>&#13;<\/p>\n<ul>&#13;<\/p>\n<li>Drei hochwertige Magnesiumverbindungen f\u00fcr das Nervensystem<\/li>\n<p>&#13;<\/p>\n<li>300 mg elementares Magnesium pro Tagesdosis<\/li>\n<p>&#13;<\/p>\n<li>Hohe Bioverf\u00fcgbarkeit<\/li>\n<p>&#13;<\/p>\n<li>Ganzheitliche Unterst\u00fctzung f\u00fcr Nervensystem und Gesundheit<\/li>\n<p>&#13;<\/p>\n<li>Vegan, zuckerfrei und ohne k\u00fcnstliche Zus\u00e4tze<\/li>\n<p>&#13;\n<\/ul>\n","protected":false},"excerpt":{"rendered":"<p>Magnesiummangel ist eine\u00a0Volkskrankheit und kann unser Nervensystem massiv irritieren. Vom\u00a0Nervenspezialisten Restaxil\u00ae gibt es daher jetzt ein spezielles Magnesiumprodukt\u00a0f\u00fcr die Nerven. &#13; &#13; Drei hochwertige Magnesiumverbindungen f\u00fcr das Nervensystem &#13; 300 mg elementares Magnesium pro Tagesdosis &#13; Hohe Bioverf\u00fcgbarkeit &#13; Ganzheitliche Unterst\u00fctzung f\u00fcr Nervensystem und Gesundheit &#13; Vegan, zuckerfrei und ohne k\u00fcnstliche Zus\u00e4tze &#13;<\/p>\n","protected":false},"featured_media":0,"template":"","meta":{"_acf_changed":false},"product_brand":[],"product_cat":[311],"product_tag":[],"class_list":{"0":"post-131539","1":"product","2":"type-product","3":"status-publish","5":"product_cat-r","6":"pa_packungsgroesse-60-stueck","8":"first","9":"instock","10":"shipping-taxable","11":"purchasable","12":"product-type-simple"},"acf":[],"_links":{"self":[{"href":"https:\/\/www.hirtenberg-apotheke.at\/katalog\/wp-json\/wp\/v2\/product\/131539","targetHints":{"allow":["GET"]}}],"collection":[{"href":"https:\/\/www.hirtenberg-apotheke.at\/katalog\/wp-json\/wp\/v2\/product"}],"about":[{"href":"https:\/\/www.hirtenberg-apotheke.at\/katalog\/wp-json\/wp\/v2\/types\/product"}],"wp:attachment":[{"href":"https:\/\/www.hirtenberg-apotheke.at\/katalog\/wp-json\/wp\/v2\/media?parent=131539"}],"wp:term":[{"taxonomy":"product_brand","embeddable":true,"href":"https:\/\/www.hirtenberg-apotheke.at\/katalog\/wp-json\/wp\/v2\/product_brand?post=131539"},{"taxonomy":"product_cat","embeddable":true,"href":"https:\/\/www.hirtenberg-apotheke.at\/katalog\/wp-json\/wp\/v2\/product_cat?post=131539"},{"taxonomy":"product_tag","embeddable":true,"href":"https:\/\/www.hirtenberg-apotheke.at\/katalog\/wp-json\/wp\/v2\/product_tag?post=131539"}],"curies":[{"name":"wp","href":"https:\/\/api.w.org\/{rel}","templated":true}]}}