{"id":131574,"date":"2025-12-04T19:09:42","date_gmt":"2025-12-04T18:09:42","guid":{"rendered":"https:\/\/www.hirtenberg-apotheke.at\/katalog\/produkt\/dr-boehm-knochendichteformel-tabletten-30-stk\/"},"modified":"2025-12-04T19:09:45","modified_gmt":"2025-12-04T18:09:45","slug":"dr-boehm-knochendichteformel-tabletten-30-stk","status":"publish","type":"product","link":"https:\/\/www.hirtenberg-apotheke.at\/katalog\/produkt\/dr-boehm-knochendichteformel-tabletten-30-stk\/","title":{"rendered":"Dr. B\u00f6hm Knochendichteformel Tabletten 30 Stk."},"content":{"rendered":"<p>Dr. B\u00f6hm\u00ae Knochendichteformel ist die einzigartige Kombination aus hochdosiertem Calcium, Vitamin D3 und K2, sowie\u00a0dem innovativem Ovomet\u00ae-Struktur-Complex. Die darin enthaltenen Mengen an Calcium und Vitamin D entsprechen der\u00a0Empfehlung der Europ\u00e4ischen Beh\u00f6rde f\u00fcr Lebensmittelsicherheit bei Frauen nach der Menopause.<\/p>\n<p>&#13;<\/p>\n<p>\u2022 Ovomet\u00ae-Struktur-Complex aus der Eierschalenmembran vereint mit Kollagen Typ I, Hyalurons\u00e4ure, Elastin und Glykos-<br \/>aminoglykanen (GAGs)1 die wesentlichen organischen Strukturelemente des Knochens.<\/p>\n<p>&#13;<\/p>\n<p>\u2022 Calcium und Vitamin D helfen den Verlust an Knochenmineralien bei Frauen nach der Menopause zu reduzieren. Eine<br \/>geringe Knochenmineraldichte ist ein Risikofaktor f\u00fcr osteoporotische Knochenbr\u00fcche.<\/p>\n<p>&#13;<\/p>\n<p>\u2022 Mangan und Vitamin K tragen zum Erhalt normaler Knochen bei.<\/p>\n<p>&#13;<\/p>\n<p>\u2022 Vitamin D tr\u00e4gt zu einer normalen Aufnahme von Calcium und Phosphor bei.<\/p>\n<p>&#13;<\/p>\n<p>\u00a0<\/p>\n<p>&#13;<\/p>\n<p>Der Knochen ist ein komplexes lebendiges Gebilde und besteht neben starren mineralischen Verbindungen (z. B. Calcium)\u00a0zu einem hohen Anteil (&gt; 40 %) aus organischen Strukturelementen wie Kollagen Typ I, Hyalurons\u00e4ure, Elastin und Glykosaminoglykanen (GAGs)1. Gemeinsam sind sie f\u00fcr eine vernetzte bzw. wabenartige Struktur verantwortlich und sorgen damit\u00a0f\u00fcr eine ausreichend hohe Knochendichte und -festigkeit. Nur so kann der Knochen den unterschiedlichen Druck- und Sto\u00df-<br \/>belastungen im Alltag standhalten.<\/p>\n<p>&#13;<\/p>\n<p>Der patentierte Ovomet\u00ae-Struktur-Complex aus der Eierschalenmembran enth\u00e4lt diese organischen Strukturelemente im selben Verh\u00e4ltnis wie der Knochen. Gut zu wissen: Dieselben Strukturelemente sind auch daf\u00fcr verantwortlich, dass die weiche\u00a0H\u00fclle eines H\u00fchnereis innerhalb nur eines Tages zu einer harten, calciumhaltigen Schale wird.<\/p>\n","protected":false},"excerpt":{"rendered":"<p>Dr. B\u00f6hm\u00ae Knochendichteformel ist die einzigartige Kombination aus hochdosiertem Calcium, Vitamin D3 und K2, sowie\u00a0dem innovativem Ovomet\u00ae-Struktur-Complex. Die darin enthaltenen Mengen an Calcium und Vitamin D entsprechen der\u00a0Empfehlung der Europ\u00e4ischen Beh\u00f6rde f\u00fcr Lebensmittelsicherheit bei Frauen nach der Menopause. &#13; \u2022 Ovomet\u00ae-Struktur-Complex aus der Eierschalenmembran vereint mit Kollagen Typ I, Hyalurons\u00e4ure, Elastin und Glykos-aminoglykanen (GAGs)1 die [&hellip;]<\/p>\n","protected":false},"featured_media":0,"template":"","meta":{"_acf_changed":false},"product_brand":[],"product_cat":[295],"product_tag":[],"class_list":{"0":"post-131574","1":"product","2":"type-product","3":"status-publish","5":"product_cat-d","6":"pa_packungsgroesse-30-stueck","8":"first","9":"instock","10":"shipping-taxable","11":"purchasable","12":"product-type-simple"},"acf":[],"_links":{"self":[{"href":"https:\/\/www.hirtenberg-apotheke.at\/katalog\/wp-json\/wp\/v2\/product\/131574","targetHints":{"allow":["GET"]}}],"collection":[{"href":"https:\/\/www.hirtenberg-apotheke.at\/katalog\/wp-json\/wp\/v2\/product"}],"about":[{"href":"https:\/\/www.hirtenberg-apotheke.at\/katalog\/wp-json\/wp\/v2\/types\/product"}],"wp:attachment":[{"href":"https:\/\/www.hirtenberg-apotheke.at\/katalog\/wp-json\/wp\/v2\/media?parent=131574"}],"wp:term":[{"taxonomy":"product_brand","embeddable":true,"href":"https:\/\/www.hirtenberg-apotheke.at\/katalog\/wp-json\/wp\/v2\/product_brand?post=131574"},{"taxonomy":"product_cat","embeddable":true,"href":"https:\/\/www.hirtenberg-apotheke.at\/katalog\/wp-json\/wp\/v2\/product_cat?post=131574"},{"taxonomy":"product_tag","embeddable":true,"href":"https:\/\/www.hirtenberg-apotheke.at\/katalog\/wp-json\/wp\/v2\/product_tag?post=131574"}],"curies":[{"name":"wp","href":"https:\/\/api.w.org\/{rel}","templated":true}]}}