{"id":131655,"date":"2025-12-04T19:11:03","date_gmt":"2025-12-04T18:11:03","guid":{"rendered":"https:\/\/www.hirtenberg-apotheke.at\/katalog\/produkt\/nurofen-rapid-mini-400mg-weichkapseln\/"},"modified":"2025-12-04T19:11:09","modified_gmt":"2025-12-04T18:11:09","slug":"nurofen-rapid-mini-400mg-weichkapseln","status":"publish","type":"product","link":"https:\/\/www.hirtenberg-apotheke.at\/katalog\/produkt\/nurofen-rapid-mini-400mg-weichkapseln\/","title":{"rendered":"Nurofen Rapid Mini 400mg Weichkapseln"},"content":{"rendered":"<p>Nurofen\u00ae Rapid MINI 400mg Weichkapseln sind 15 % kleiner als die Standard Nurofen\u00ae Rapid 400mg Weichkapseln &#8211; f\u00fcr leichteres Schlucken. Das Ibuprofen wird 2x so schnell vom K\u00f6rper aufgenommen wie bei Standard Nurofen\u00ae 400mg \u00fcberzogenen Tabletten.<\/p>\n<p><strong>Vorteile<\/strong><\/p>\n<p>&#8211; leichteres Schlucken<br \/>&#8211; 2x so schnell vom K\u00f6rper aufgenommen wie Standard Nurofen 400mg \u00fcberzogene Tabletten<br \/>&#8211; langanhaltende Schmerzlinderung<br \/>&#8211; Effektive Schmerzlinderung z.B. Kopfschmerzen, Migr\u00e4ne, Zahnschmerzen oder Regelschmerzen<\/p>\n","protected":false},"excerpt":{"rendered":"<p>Nurofen\u00ae Rapid MINI 400mg Weichkapseln sind 15 % kleiner als die Standard Nurofen\u00ae Rapid 400mg Weichkapseln &#8211; f\u00fcr leichteres Schlucken. Das Ibuprofen wird 2x so schnell vom K\u00f6rper aufgenommen wie bei Standard Nurofen\u00ae 400mg \u00fcberzogenen Tabletten. Vorteile &#8211; leichteres Schlucken&#8211; 2x so schnell vom K\u00f6rper aufgenommen wie Standard Nurofen 400mg \u00fcberzogene Tabletten&#8211; langanhaltende Schmerzlinderung&#8211; Effektive [&hellip;]<\/p>\n","protected":false},"featured_media":131657,"template":"","meta":{"_acf_changed":false},"product_brand":[432],"product_cat":[310],"product_tag":[],"class_list":{"0":"post-131655","1":"product","2":"type-product","3":"status-publish","4":"has-post-thumbnail","6":"product_brand-nurofen","7":"product_cat-n","8":"pa_packungsgroesse-20-stueck","10":"first","11":"instock","12":"shipping-taxable","13":"purchasable","14":"product-type-simple"},"acf":[],"_links":{"self":[{"href":"https:\/\/www.hirtenberg-apotheke.at\/katalog\/wp-json\/wp\/v2\/product\/131655","targetHints":{"allow":["GET"]}}],"collection":[{"href":"https:\/\/www.hirtenberg-apotheke.at\/katalog\/wp-json\/wp\/v2\/product"}],"about":[{"href":"https:\/\/www.hirtenberg-apotheke.at\/katalog\/wp-json\/wp\/v2\/types\/product"}],"wp:featuredmedia":[{"embeddable":true,"href":"https:\/\/www.hirtenberg-apotheke.at\/katalog\/wp-json\/wp\/v2\/media\/131657"}],"wp:attachment":[{"href":"https:\/\/www.hirtenberg-apotheke.at\/katalog\/wp-json\/wp\/v2\/media?parent=131655"}],"wp:term":[{"taxonomy":"product_brand","embeddable":true,"href":"https:\/\/www.hirtenberg-apotheke.at\/katalog\/wp-json\/wp\/v2\/product_brand?post=131655"},{"taxonomy":"product_cat","embeddable":true,"href":"https:\/\/www.hirtenberg-apotheke.at\/katalog\/wp-json\/wp\/v2\/product_cat?post=131655"},{"taxonomy":"product_tag","embeddable":true,"href":"https:\/\/www.hirtenberg-apotheke.at\/katalog\/wp-json\/wp\/v2\/product_tag?post=131655"}],"curies":[{"name":"wp","href":"https:\/\/api.w.org\/{rel}","templated":true}]}}