{"id":131697,"date":"2025-12-09T14:35:57","date_gmt":"2025-12-09T13:35:57","guid":{"rendered":"https:\/\/www.hirtenberg-apotheke.at\/katalog\/?post_type=product&#038;p=131697"},"modified":"2025-12-09T14:35:57","modified_gmt":"2025-12-09T13:35:57","slug":"la-roche-posay-toleriane-teint-mattierendes-mousse-make-up-04-golden-beige-30-ml","status":"publish","type":"product","link":"https:\/\/www.hirtenberg-apotheke.at\/katalog\/produkt\/la-roche-posay-toleriane-teint-mattierendes-mousse-make-up-04-golden-beige-30-ml\/","title":{"rendered":"La Roche-Posay Toleriane Teint mattierendes Mousse Make-Up 04 Golden Beige 30 ml"},"content":{"rendered":"<p>F\u00fcr einen ebenm\u00e4\u00dfigen, mattierenden Teint f\u00fcr empfindliche, normale Haut und Mischhaut. Mit LSF 20. Luftige Mousse-Textur f\u00fcr eine samtige und mattierte Haut. Schwei\u00dfresistent und erh\u00e4ltlich in 5 Nuancen.<\/p>\n","protected":false},"excerpt":{"rendered":"<p>F\u00fcr einen ebenm\u00e4\u00dfigen, mattierenden Teint f\u00fcr empfindliche, normale Haut und Mischhaut. Mit LSF 20. Luftige Mousse-Textur f\u00fcr eine samtige und mattierte Haut. Schwei\u00dfresistent und erh\u00e4ltlich in 5 Nuancen.<\/p>\n","protected":false},"featured_media":45387,"template":"","meta":{"_acf_changed":false},"product_brand":[692],"product_cat":[317],"product_tag":[],"class_list":{"0":"post-131697","1":"product","2":"type-product","3":"status-publish","4":"has-post-thumbnail","6":"product_brand-la-roche-posay","7":"product_cat-l","8":"pa_farbe-04-golden-beige","9":"pa_packungsgroesse-30ml","11":"first","12":"instock","13":"shipping-taxable","14":"purchasable","15":"product-type-simple"},"acf":[],"_links":{"self":[{"href":"https:\/\/www.hirtenberg-apotheke.at\/katalog\/wp-json\/wp\/v2\/product\/131697","targetHints":{"allow":["GET"]}}],"collection":[{"href":"https:\/\/www.hirtenberg-apotheke.at\/katalog\/wp-json\/wp\/v2\/product"}],"about":[{"href":"https:\/\/www.hirtenberg-apotheke.at\/katalog\/wp-json\/wp\/v2\/types\/product"}],"wp:featuredmedia":[{"embeddable":true,"href":"https:\/\/www.hirtenberg-apotheke.at\/katalog\/wp-json\/wp\/v2\/media\/45387"}],"wp:attachment":[{"href":"https:\/\/www.hirtenberg-apotheke.at\/katalog\/wp-json\/wp\/v2\/media?parent=131697"}],"wp:term":[{"taxonomy":"product_brand","embeddable":true,"href":"https:\/\/www.hirtenberg-apotheke.at\/katalog\/wp-json\/wp\/v2\/product_brand?post=131697"},{"taxonomy":"product_cat","embeddable":true,"href":"https:\/\/www.hirtenberg-apotheke.at\/katalog\/wp-json\/wp\/v2\/product_cat?post=131697"},{"taxonomy":"product_tag","embeddable":true,"href":"https:\/\/www.hirtenberg-apotheke.at\/katalog\/wp-json\/wp\/v2\/product_tag?post=131697"}],"curies":[{"name":"wp","href":"https:\/\/api.w.org\/{rel}","templated":true}]}}