{"id":13176,"date":"2025-11-25T15:37:50","date_gmt":"2025-11-25T14:37:50","guid":{"rendered":"https:\/\/www.hirtenberg-apotheke.at\/katalog\/produkt\/bronchisoft-moor-inhalation\/"},"modified":"2025-11-25T15:38:24","modified_gmt":"2025-11-25T14:38:24","slug":"bronchisoft-moor-inhalation","status":"publish","type":"product","link":"https:\/\/www.hirtenberg-apotheke.at\/katalog\/produkt\/bronchisoft-moor-inhalation\/","title":{"rendered":"Bronchisoft + Moor-Inhalation"},"content":{"rendered":"<p>Bronchisoft Moor-Eluat ist ein Naturkurmittel zum Inhalieren mit dem bronchi-soft\u00ae Klardampf\u00ae-Inhalator, das entz\u00fcndungshemmend wirkt. Es ist seit vielen Jahren im Einsatz und auch von \u00c4rzten gesch\u00e4tzt.<\/p>\n","protected":false},"excerpt":{"rendered":"<p>Bronchisoft Moor-Eluat ist ein Naturkurmittel zum Inhalieren mit dem bronchi-soft\u00ae Klardampf\u00ae-Inhalator, das entz\u00fcndungshemmend wirkt. Es ist seit vielen Jahren im Einsatz und auch von \u00c4rzten gesch\u00e4tzt.<\/p>\n","protected":false},"featured_media":13178,"template":"","meta":{"_acf_changed":false},"product_brand":[],"product_cat":[292],"product_tag":[],"class_list":{"0":"post-13176","1":"product","2":"type-product","3":"status-publish","4":"has-post-thumbnail","6":"product_cat-b","7":"pa_packungsgroesse-100ml","8":"pa_packungsgroesse-300ml","10":"first","11":"instock","12":"shipping-taxable","13":"purchasable","14":"product-type-simple"},"acf":[],"_links":{"self":[{"href":"https:\/\/www.hirtenberg-apotheke.at\/katalog\/wp-json\/wp\/v2\/product\/13176","targetHints":{"allow":["GET"]}}],"collection":[{"href":"https:\/\/www.hirtenberg-apotheke.at\/katalog\/wp-json\/wp\/v2\/product"}],"about":[{"href":"https:\/\/www.hirtenberg-apotheke.at\/katalog\/wp-json\/wp\/v2\/types\/product"}],"wp:featuredmedia":[{"embeddable":true,"href":"https:\/\/www.hirtenberg-apotheke.at\/katalog\/wp-json\/wp\/v2\/media\/13178"}],"wp:attachment":[{"href":"https:\/\/www.hirtenberg-apotheke.at\/katalog\/wp-json\/wp\/v2\/media?parent=13176"}],"wp:term":[{"taxonomy":"product_brand","embeddable":true,"href":"https:\/\/www.hirtenberg-apotheke.at\/katalog\/wp-json\/wp\/v2\/product_brand?post=13176"},{"taxonomy":"product_cat","embeddable":true,"href":"https:\/\/www.hirtenberg-apotheke.at\/katalog\/wp-json\/wp\/v2\/product_cat?post=13176"},{"taxonomy":"product_tag","embeddable":true,"href":"https:\/\/www.hirtenberg-apotheke.at\/katalog\/wp-json\/wp\/v2\/product_tag?post=13176"}],"curies":[{"name":"wp","href":"https:\/\/api.w.org\/{rel}","templated":true}]}}