{"id":13185,"date":"2025-11-25T15:38:10","date_gmt":"2025-11-25T14:38:10","guid":{"rendered":"https:\/\/www.hirtenberg-apotheke.at\/katalog\/produkt\/bronchoverde-brausetabletten-50-mg-10-stk\/"},"modified":"2025-11-25T15:38:22","modified_gmt":"2025-11-25T14:38:22","slug":"bronchoverde-brausetabletten-50-mg-10-stk","status":"publish","type":"product","link":"https:\/\/www.hirtenberg-apotheke.at\/katalog\/produkt\/bronchoverde-brausetabletten-50-mg-10-stk\/","title":{"rendered":"Bronchoverde Brausetabletten 50 mg 10 Stk."},"content":{"rendered":"<p>Bronchoverde Hustenl\u00f6ser 50 mg Brausetabletten ist ein pflanzliches Arzneimittel zur Schleiml\u00f6sung bei Husten mit Auswurf f\u00fcr Erwachsene, Jugendliche und Kinder ab 6 Jahren.<\/p>\n","protected":false},"excerpt":{"rendered":"<p>Bronchoverde Hustenl\u00f6ser 50 mg Brausetabletten ist ein pflanzliches Arzneimittel zur Schleiml\u00f6sung bei Husten mit Auswurf f\u00fcr Erwachsene, Jugendliche und Kinder ab 6 Jahren.<\/p>\n","protected":false},"featured_media":13187,"template":"","meta":{"_acf_changed":false},"product_brand":[],"product_cat":[292],"product_tag":[],"class_list":{"0":"post-13185","1":"product","2":"type-product","3":"status-publish","4":"has-post-thumbnail","6":"product_cat-b","7":"pa_packungsgroesse-10-stueck","9":"first","10":"instock","11":"shipping-taxable","12":"purchasable","13":"product-type-simple"},"acf":[],"_links":{"self":[{"href":"https:\/\/www.hirtenberg-apotheke.at\/katalog\/wp-json\/wp\/v2\/product\/13185","targetHints":{"allow":["GET"]}}],"collection":[{"href":"https:\/\/www.hirtenberg-apotheke.at\/katalog\/wp-json\/wp\/v2\/product"}],"about":[{"href":"https:\/\/www.hirtenberg-apotheke.at\/katalog\/wp-json\/wp\/v2\/types\/product"}],"wp:featuredmedia":[{"embeddable":true,"href":"https:\/\/www.hirtenberg-apotheke.at\/katalog\/wp-json\/wp\/v2\/media\/13187"}],"wp:attachment":[{"href":"https:\/\/www.hirtenberg-apotheke.at\/katalog\/wp-json\/wp\/v2\/media?parent=13185"}],"wp:term":[{"taxonomy":"product_brand","embeddable":true,"href":"https:\/\/www.hirtenberg-apotheke.at\/katalog\/wp-json\/wp\/v2\/product_brand?post=13185"},{"taxonomy":"product_cat","embeddable":true,"href":"https:\/\/www.hirtenberg-apotheke.at\/katalog\/wp-json\/wp\/v2\/product_cat?post=13185"},{"taxonomy":"product_tag","embeddable":true,"href":"https:\/\/www.hirtenberg-apotheke.at\/katalog\/wp-json\/wp\/v2\/product_tag?post=13185"}],"curies":[{"name":"wp","href":"https:\/\/api.w.org\/{rel}","templated":true}]}}