{"id":13244,"date":"2025-11-25T15:38:51","date_gmt":"2025-11-25T14:38:51","guid":{"rendered":"https:\/\/www.hirtenberg-apotheke.at\/katalog\/produkt\/echinacin-madaus-tropfen\/"},"modified":"2025-11-25T15:39:15","modified_gmt":"2025-11-25T14:39:15","slug":"echinacin-madaus-tropfen","status":"publish","type":"product","link":"https:\/\/www.hirtenberg-apotheke.at\/katalog\/produkt\/echinacin-madaus-tropfen\/","title":{"rendered":"Echinacin \u201eMadaus\u201c Tropfen"},"content":{"rendered":"<p>Echinacin \u201eMadaus\u201c-Tropfen sind ein pflanzliches Arzneimittel, das als einzigen Wirkstoff den Press- Saft aus der frischen bl\u00fchenden Pflanze Roter Sonnenhut enth\u00e4lt. Echinacin \u201eMadaus\u201c-Tropfen unterst\u00fctzen die k\u00f6rpereigenen Abwehrkr\u00e4fte des Organismus: zur Vorbeugung von Infekten, bei den ersten Anzeichen von Infekten sowie bei schon bestehenden Infekten.<\/p>\n","protected":false},"excerpt":{"rendered":"<p>Echinacin \u201eMadaus\u201c-Tropfen sind ein pflanzliches Arzneimittel, das als einzigen Wirkstoff den Press- Saft aus der frischen bl\u00fchenden Pflanze Roter Sonnenhut enth\u00e4lt. Echinacin \u201eMadaus\u201c-Tropfen unterst\u00fctzen die k\u00f6rpereigenen Abwehrkr\u00e4fte des Organismus: zur Vorbeugung von Infekten, bei den ersten Anzeichen von Infekten sowie bei schon bestehenden Infekten.<\/p>\n","protected":false},"featured_media":13246,"template":"","meta":{"_acf_changed":false},"product_brand":[567],"product_cat":[307],"product_tag":[],"class_list":{"0":"post-13244","1":"product","2":"type-product","3":"status-publish","4":"has-post-thumbnail","6":"product_brand-madaus","7":"product_cat-e","8":"pa_packungsgroesse-100ml","9":"pa_packungsgroesse-50ml","11":"first","12":"instock","13":"shipping-taxable","14":"purchasable","15":"product-type-simple"},"acf":[],"_links":{"self":[{"href":"https:\/\/www.hirtenberg-apotheke.at\/katalog\/wp-json\/wp\/v2\/product\/13244","targetHints":{"allow":["GET"]}}],"collection":[{"href":"https:\/\/www.hirtenberg-apotheke.at\/katalog\/wp-json\/wp\/v2\/product"}],"about":[{"href":"https:\/\/www.hirtenberg-apotheke.at\/katalog\/wp-json\/wp\/v2\/types\/product"}],"wp:featuredmedia":[{"embeddable":true,"href":"https:\/\/www.hirtenberg-apotheke.at\/katalog\/wp-json\/wp\/v2\/media\/13246"}],"wp:attachment":[{"href":"https:\/\/www.hirtenberg-apotheke.at\/katalog\/wp-json\/wp\/v2\/media?parent=13244"}],"wp:term":[{"taxonomy":"product_brand","embeddable":true,"href":"https:\/\/www.hirtenberg-apotheke.at\/katalog\/wp-json\/wp\/v2\/product_brand?post=13244"},{"taxonomy":"product_cat","embeddable":true,"href":"https:\/\/www.hirtenberg-apotheke.at\/katalog\/wp-json\/wp\/v2\/product_cat?post=13244"},{"taxonomy":"product_tag","embeddable":true,"href":"https:\/\/www.hirtenberg-apotheke.at\/katalog\/wp-json\/wp\/v2\/product_tag?post=13244"}],"curies":[{"name":"wp","href":"https:\/\/api.w.org\/{rel}","templated":true}]}}