{"id":13280,"date":"2025-11-25T15:38:51","date_gmt":"2025-11-25T14:38:51","guid":{"rendered":"https:\/\/www.hirtenberg-apotheke.at\/katalog\/produkt\/cetebe-abwehr-fit-lutschtabletten-20-stk\/"},"modified":"2025-11-25T15:39:27","modified_gmt":"2025-11-25T14:39:27","slug":"cetebe-abwehr-fit-lutschtabletten-20-stk","status":"publish","type":"product","link":"https:\/\/www.hirtenberg-apotheke.at\/katalog\/produkt\/cetebe-abwehr-fit-lutschtabletten-20-stk\/","title":{"rendered":"Cetebe Abwehr Fit Lutschtabletten 20 Stk."},"content":{"rendered":"<p>Cetebe Abwehr Fit Lutschtabletten enthalten Vitamin C und Zink, die zur Unterst\u00fctzung der k\u00f6rpereigenen Abwehrkr\u00e4fte beitragen. Die Lutschtabletten schmecken fruchtig lecker nach Himbeer.<\/p>\n","protected":false},"excerpt":{"rendered":"<p>Cetebe Abwehr Fit Lutschtabletten enthalten Vitamin C und Zink, die zur Unterst\u00fctzung der k\u00f6rpereigenen Abwehrkr\u00e4fte beitragen. Die Lutschtabletten schmecken fruchtig lecker nach Himbeer.<\/p>\n","protected":false},"featured_media":13282,"template":"","meta":{"_acf_changed":false},"product_brand":[],"product_cat":[337],"product_tag":[],"class_list":{"0":"post-13280","1":"product","2":"type-product","3":"status-publish","4":"has-post-thumbnail","6":"product_cat-c","7":"pa_packungsgroesse-20-stueck","9":"first","10":"instock","11":"shipping-taxable","12":"purchasable","13":"product-type-simple"},"acf":[],"_links":{"self":[{"href":"https:\/\/www.hirtenberg-apotheke.at\/katalog\/wp-json\/wp\/v2\/product\/13280","targetHints":{"allow":["GET"]}}],"collection":[{"href":"https:\/\/www.hirtenberg-apotheke.at\/katalog\/wp-json\/wp\/v2\/product"}],"about":[{"href":"https:\/\/www.hirtenberg-apotheke.at\/katalog\/wp-json\/wp\/v2\/types\/product"}],"wp:featuredmedia":[{"embeddable":true,"href":"https:\/\/www.hirtenberg-apotheke.at\/katalog\/wp-json\/wp\/v2\/media\/13282"}],"wp:attachment":[{"href":"https:\/\/www.hirtenberg-apotheke.at\/katalog\/wp-json\/wp\/v2\/media?parent=13280"}],"wp:term":[{"taxonomy":"product_brand","embeddable":true,"href":"https:\/\/www.hirtenberg-apotheke.at\/katalog\/wp-json\/wp\/v2\/product_brand?post=13280"},{"taxonomy":"product_cat","embeddable":true,"href":"https:\/\/www.hirtenberg-apotheke.at\/katalog\/wp-json\/wp\/v2\/product_cat?post=13280"},{"taxonomy":"product_tag","embeddable":true,"href":"https:\/\/www.hirtenberg-apotheke.at\/katalog\/wp-json\/wp\/v2\/product_tag?post=13280"}],"curies":[{"name":"wp","href":"https:\/\/api.w.org\/{rel}","templated":true}]}}