{"id":13284,"date":"2025-11-25T15:38:51","date_gmt":"2025-11-25T14:38:51","guid":{"rendered":"https:\/\/www.hirtenberg-apotheke.at\/katalog\/produkt\/immundoc-direkt-trinkflaeschchen-6-stk\/"},"modified":"2025-11-25T15:39:34","modified_gmt":"2025-11-25T14:39:34","slug":"immundoc-direkt-trinkflaeschchen-6-stk","status":"publish","type":"product","link":"https:\/\/www.hirtenberg-apotheke.at\/katalog\/produkt\/immundoc-direkt-trinkflaeschchen-6-stk\/","title":{"rendered":"Immundoc DIREKT Trinkfl\u00e4schchen 6 Stk."},"content":{"rendered":"<p>Nahrungserg\u00e4nzungsmittel mit Vitamin C,Vitamine E und D3, Zink, Selen, sekund\u00e4remPflanzensto ff Rutin und Teufelskrallen-Extrakt.Die Vitamine C und D tragen gemeinsam mit Zinkund Selen zu einer normalen Funktion desImmunsystems bei. Die Vitamine C und E sowieZink und Selen tragen dazu bei, die Zellen voroxidativem Stress zu sch\u00fctzen..<\/p>\n","protected":false},"excerpt":{"rendered":"<p>Nahrungserg\u00e4nzungsmittel mit Vitamin C,Vitamine E und D3, Zink, Selen, sekund\u00e4remPflanzensto ff Rutin und Teufelskrallen-Extrakt.Die Vitamine C und D tragen gemeinsam mit Zinkund Selen zu einer normalen Funktion desImmunsystems bei. Die Vitamine C und E sowieZink und Selen tragen dazu bei, die Zellen voroxidativem Stress zu sch\u00fctzen..<\/p>\n","protected":false},"featured_media":13286,"template":"","meta":{"_acf_changed":false},"product_brand":[],"product_cat":[370],"product_tag":[],"class_list":{"0":"post-13284","1":"product","2":"type-product","3":"status-publish","4":"has-post-thumbnail","6":"product_cat-i","7":"pa_packungsgroesse-6-stueck","9":"first","10":"instock","11":"shipping-taxable","12":"purchasable","13":"product-type-simple"},"acf":[],"_links":{"self":[{"href":"https:\/\/www.hirtenberg-apotheke.at\/katalog\/wp-json\/wp\/v2\/product\/13284","targetHints":{"allow":["GET"]}}],"collection":[{"href":"https:\/\/www.hirtenberg-apotheke.at\/katalog\/wp-json\/wp\/v2\/product"}],"about":[{"href":"https:\/\/www.hirtenberg-apotheke.at\/katalog\/wp-json\/wp\/v2\/types\/product"}],"wp:featuredmedia":[{"embeddable":true,"href":"https:\/\/www.hirtenberg-apotheke.at\/katalog\/wp-json\/wp\/v2\/media\/13286"}],"wp:attachment":[{"href":"https:\/\/www.hirtenberg-apotheke.at\/katalog\/wp-json\/wp\/v2\/media?parent=13284"}],"wp:term":[{"taxonomy":"product_brand","embeddable":true,"href":"https:\/\/www.hirtenberg-apotheke.at\/katalog\/wp-json\/wp\/v2\/product_brand?post=13284"},{"taxonomy":"product_cat","embeddable":true,"href":"https:\/\/www.hirtenberg-apotheke.at\/katalog\/wp-json\/wp\/v2\/product_cat?post=13284"},{"taxonomy":"product_tag","embeddable":true,"href":"https:\/\/www.hirtenberg-apotheke.at\/katalog\/wp-json\/wp\/v2\/product_tag?post=13284"}],"curies":[{"name":"wp","href":"https:\/\/api.w.org\/{rel}","templated":true}]}}