{"id":13310,"date":"2025-11-25T15:39:37","date_gmt":"2025-11-25T14:39:37","guid":{"rendered":"https:\/\/www.hirtenberg-apotheke.at\/katalog\/produkt\/propolis-tropfen-20-in-alkohol-20-ml\/"},"modified":"2025-11-25T15:39:54","modified_gmt":"2025-11-25T14:39:54","slug":"propolis-tropfen-20-in-alkohol-20-ml","status":"publish","type":"product","link":"https:\/\/www.hirtenberg-apotheke.at\/katalog\/produkt\/propolis-tropfen-20-in-alkohol-20-ml\/","title":{"rendered":"Propolis Tropfen 20% in Alkohol 20 ml"},"content":{"rendered":"<p>Propolis Tropfen in Alkohol st\u00e4rken Ihr Immunsystem und sch\u00fctzen vor sch\u00e4dlichen Erregern aller Art. Die Tropfen eignen sich au\u00dferdem zur Kr\u00e4ftigung des Zahnfleisches. Expertentipp: Erleichtern Sie Ihrem Baby das Zahnen, indem Sie die Tropfen mit dem kleinen Finger vorsichtig auf das Zahnfleisch auftragen<\/p>\n","protected":false},"excerpt":{"rendered":"<p>Propolis Tropfen in Alkohol st\u00e4rken Ihr Immunsystem und sch\u00fctzen vor sch\u00e4dlichen Erregern aller Art. Die Tropfen eignen sich au\u00dferdem zur Kr\u00e4ftigung des Zahnfleisches. Expertentipp: Erleichtern Sie Ihrem Baby das Zahnen, indem Sie die Tropfen mit dem kleinen Finger vorsichtig auf das Zahnfleisch auftragen<\/p>\n","protected":false},"featured_media":13312,"template":"","meta":{"_acf_changed":false},"product_brand":[],"product_cat":[302],"product_tag":[],"class_list":{"0":"post-13310","1":"product","2":"type-product","3":"status-publish","4":"has-post-thumbnail","6":"product_cat-p","7":"pa_packungsgroesse-20ml","9":"first","10":"instock","11":"shipping-taxable","12":"purchasable","13":"product-type-simple"},"acf":[],"_links":{"self":[{"href":"https:\/\/www.hirtenberg-apotheke.at\/katalog\/wp-json\/wp\/v2\/product\/13310","targetHints":{"allow":["GET"]}}],"collection":[{"href":"https:\/\/www.hirtenberg-apotheke.at\/katalog\/wp-json\/wp\/v2\/product"}],"about":[{"href":"https:\/\/www.hirtenberg-apotheke.at\/katalog\/wp-json\/wp\/v2\/types\/product"}],"wp:featuredmedia":[{"embeddable":true,"href":"https:\/\/www.hirtenberg-apotheke.at\/katalog\/wp-json\/wp\/v2\/media\/13312"}],"wp:attachment":[{"href":"https:\/\/www.hirtenberg-apotheke.at\/katalog\/wp-json\/wp\/v2\/media?parent=13310"}],"wp:term":[{"taxonomy":"product_brand","embeddable":true,"href":"https:\/\/www.hirtenberg-apotheke.at\/katalog\/wp-json\/wp\/v2\/product_brand?post=13310"},{"taxonomy":"product_cat","embeddable":true,"href":"https:\/\/www.hirtenberg-apotheke.at\/katalog\/wp-json\/wp\/v2\/product_cat?post=13310"},{"taxonomy":"product_tag","embeddable":true,"href":"https:\/\/www.hirtenberg-apotheke.at\/katalog\/wp-json\/wp\/v2\/product_tag?post=13310"}],"curies":[{"name":"wp","href":"https:\/\/api.w.org\/{rel}","templated":true}]}}