{"id":13327,"date":"2025-11-25T15:39:37","date_gmt":"2025-11-25T14:39:37","guid":{"rendered":"https:\/\/www.hirtenberg-apotheke.at\/katalog\/produkt\/selamin-tabletten-90-stk\/"},"modified":"2025-11-25T15:40:03","modified_gmt":"2025-11-25T14:40:03","slug":"selamin-tabletten-90-stk","status":"publish","type":"product","link":"https:\/\/www.hirtenberg-apotheke.at\/katalog\/produkt\/selamin-tabletten-90-stk\/","title":{"rendered":"Selamin Tabletten 90 Stk."},"content":{"rendered":"<p>Selamin Tabletten versorgen den K\u00f6rper mit dem lebenswichtigen Spurenelement Selen. Dessen grundlegende Eigenschaften sind seine hervorragende antioxidative Wirkung sowie die F\u00e4higkeit, Schwermetalle an sich zu binden. Beide Funktionen sch\u00fctzen unsere K\u00f6rperzellen vor Angriffen freier Radikale und st\u00e4rken und verbessern die k\u00f6rpereigenen Abwehrkr\u00e4fte \u2013 jetzt bestellen!<\/p>\n","protected":false},"excerpt":{"rendered":"<p>Selamin Tabletten versorgen den K\u00f6rper mit dem lebenswichtigen Spurenelement Selen. Dessen grundlegende Eigenschaften sind seine hervorragende antioxidative Wirkung sowie die F\u00e4higkeit, Schwermetalle an sich zu binden. Beide Funktionen sch\u00fctzen unsere K\u00f6rperzellen vor Angriffen freier Radikale und st\u00e4rken und verbessern die k\u00f6rpereigenen Abwehrkr\u00e4fte \u2013 jetzt bestellen!<\/p>\n","protected":false},"featured_media":13329,"template":"","meta":{"_acf_changed":false},"product_brand":[],"product_cat":[303],"product_tag":[],"class_list":{"0":"post-13327","1":"product","2":"type-product","3":"status-publish","4":"has-post-thumbnail","6":"product_cat-s","7":"pa_farbe-weiss","8":"pa_geschmack-neutral","9":"pa_packungsgroesse-90-stueck","11":"first","12":"instock","13":"shipping-taxable","14":"purchasable","15":"product-type-simple"},"acf":[],"_links":{"self":[{"href":"https:\/\/www.hirtenberg-apotheke.at\/katalog\/wp-json\/wp\/v2\/product\/13327","targetHints":{"allow":["GET"]}}],"collection":[{"href":"https:\/\/www.hirtenberg-apotheke.at\/katalog\/wp-json\/wp\/v2\/product"}],"about":[{"href":"https:\/\/www.hirtenberg-apotheke.at\/katalog\/wp-json\/wp\/v2\/types\/product"}],"wp:featuredmedia":[{"embeddable":true,"href":"https:\/\/www.hirtenberg-apotheke.at\/katalog\/wp-json\/wp\/v2\/media\/13329"}],"wp:attachment":[{"href":"https:\/\/www.hirtenberg-apotheke.at\/katalog\/wp-json\/wp\/v2\/media?parent=13327"}],"wp:term":[{"taxonomy":"product_brand","embeddable":true,"href":"https:\/\/www.hirtenberg-apotheke.at\/katalog\/wp-json\/wp\/v2\/product_brand?post=13327"},{"taxonomy":"product_cat","embeddable":true,"href":"https:\/\/www.hirtenberg-apotheke.at\/katalog\/wp-json\/wp\/v2\/product_cat?post=13327"},{"taxonomy":"product_tag","embeddable":true,"href":"https:\/\/www.hirtenberg-apotheke.at\/katalog\/wp-json\/wp\/v2\/product_tag?post=13327"}],"curies":[{"name":"wp","href":"https:\/\/api.w.org\/{rel}","templated":true}]}}